{"id":1453,"date":"2024-08-30T11:12:41","date_gmt":"2024-08-30T11:12:41","guid":{"rendered":"http:\/\/itech.dv.ancorathemes.com\/?page_id=1453"},"modified":"2026-04-07T21:28:55","modified_gmt":"2026-04-07T21:28:55","slug":"contacto-compucomercial-barranquilla","status":"publish","type":"page","link":"https:\/\/compucomercial.com\/en\/contacto-compucomercial-barranquilla\/","title":{"rendered":"Contact Us"},"content":{"rendered":"<div data-elementor-type=\"wp-page\" data-elementor-id=\"1453\" class=\"elementor elementor-1453\">\n\t\t\t\t\t\t<section class=\"elementor-section elementor-top-section elementor-element elementor-element-14181a1 elementor-section-boxed elementor-section-height-default elementor-section-height-default sc_fly_static\" data-id=\"14181a1\" data-element_type=\"section\" data-e-type=\"section\">\n\t\t\t\t\t\t<div class=\"elementor-container elementor-column-gap-extended\">\n\t\t\t\t\t<div class=\"elementor-column elementor-col-100 elementor-top-column elementor-element elementor-element-3780aede sc_content_align_inherit sc_layouts_column_icons_position_left sc_fly_static\" data-id=\"3780aede\" data-element_type=\"column\" data-e-type=\"column\">\n\t\t\t<div class=\"elementor-widget-wrap elementor-element-populated\">\n\t\t\t\t\t\t<div class=\"elementor-element elementor-element-a7be329 sc_fly_static elementor-widget elementor-widget-spacer\" data-id=\"a7be329\" data-element_type=\"widget\" data-e-type=\"widget\" data-widget_type=\"spacer.default\">\n\t\t\t\t<div class=\"elementor-widget-container\">\n\t\t\t\t\t\t\t<div class=\"elementor-spacer\">\n\t\t\t<div class=\"elementor-spacer-inner\"><\/div>\n\t\t<\/div>\n\t\t\t\t\t\t<\/div>\n\t\t\t\t<\/div>\n\t\t\t\t\t<\/div>\n\t\t<\/div>\n\t\t\t\t\t<\/div>\n\t\t<\/section>\n\t\t\t\t<section class=\"elementor-section elementor-top-section elementor-element elementor-element-5623852 elementor-section-boxed elementor-section-height-default elementor-section-height-default sc_fly_static\" data-id=\"5623852\" data-element_type=\"section\" data-e-type=\"section\">\n\t\t\t\t\t\t<div class=\"elementor-container elementor-column-gap-extended\">\n\t\t\t\t\t<div class=\"elementor-column elementor-col-100 elementor-top-column elementor-element elementor-element-8e668b9 sc_content_align_inherit sc_layouts_column_icons_position_left sc_fly_static\" data-id=\"8e668b9\" data-element_type=\"column\" data-e-type=\"column\">\n\t\t\t<div class=\"elementor-widget-wrap elementor-element-populated\">\n\t\t\t\t\t\t<div class=\"elementor-element elementor-element-36e3717 sc_fly_static elementor-widget elementor-widget-heading\" data-id=\"36e3717\" data-element_type=\"widget\" data-e-type=\"widget\" data-widget_type=\"heading.default\">\n\t\t\t\t<div class=\"elementor-widget-container\">\n\t\t\t\t\t<h1 class=\"elementor-heading-title elementor-size-default\">Contacto Compucomercial \u2013 Tecnolog\u00eda y Soluciones<\/h1>\t\t\t\t<\/div>\n\t\t\t\t<\/div>\n\t\t\t\t<div class=\"elementor-element elementor-element-ae680a7 sc_fly_static elementor-widget elementor-widget-text-editor\" data-id=\"ae680a7\" data-element_type=\"widget\" data-e-type=\"widget\" data-widget_type=\"text-editor.default\">\n\t\t\t\t<div class=\"elementor-widget-container\">\n\t\t\t\t\t\t\t\t\t<p data-start=\"1433\" data-end=\"1792\">En <strong data-start=\"1436\" data-end=\"1467\">Compucomercial <\/strong>queremos estar cerca de ti. Cont\u00e1ctanos para recibir asesor\u00eda personalizada, cotizar tus equipos de c\u00f3mputo o programar el mantenimiento de tus dispositivos. Somos una <strong data-start=\"1636\" data-end=\"1676\">tienda de tecnolog\u00eda en Barranquilla<\/strong> con cobertura en toda Colombia, especializada en productos de inform\u00e1tica, l\u00ednea blanca y soluciones para empresas.<\/p><p data-start=\"1794\" data-end=\"2038\">Si eres usuario del programa <strong data-start=\"1823\" data-end=\"1833\">Brilla<\/strong>, aqu\u00ed podr\u00e1s acceder a nuestra amplia gama de productos con financiaci\u00f3n f\u00e1cil y r\u00e1pida. Tambi\u00e9n atendemos <strong data-start=\"1941\" data-end=\"1977\">grandes empresas y corporaciones<\/strong> que requieren equipos, insumos o soporte t\u00e9cnico continuo.<\/p>\t\t\t\t\t\t\t\t<\/div>\n\t\t\t\t<\/div>\n\t\t\t\t\t<\/div>\n\t\t<\/div>\n\t\t\t\t\t<\/div>\n\t\t<\/section>\n\t\t\t\t<section class=\"elementor-section elementor-top-section elementor-element elementor-element-a2d1093 elementor-section-boxed elementor-section-height-default elementor-section-height-default sc_fly_static\" data-id=\"a2d1093\" data-element_type=\"section\" data-e-type=\"section\">\n\t\t\t\t\t\t<div class=\"elementor-container elementor-column-gap-extended\">\n\t\t\t\t\t<div class=\"elementor-column elementor-col-50 elementor-top-column elementor-element elementor-element-dc6eb34 sc_content_align_inherit sc_layouts_column_icons_position_left sc_fly_static\" data-id=\"dc6eb34\" data-element_type=\"column\" data-e-type=\"column\">\n\t\t\t<div class=\"elementor-widget-wrap elementor-element-populated\">\n\t\t\t\t\t\t<div class=\"elementor-element elementor-element-f351da7 sc_fly_static elementor-widget elementor-widget-spacer\" data-id=\"f351da7\" data-element_type=\"widget\" data-e-type=\"widget\" data-widget_type=\"spacer.default\">\n\t\t\t\t<div class=\"elementor-widget-container\">\n\t\t\t\t\t\t\t<div class=\"elementor-spacer\">\n\t\t\t<div class=\"elementor-spacer-inner\"><\/div>\n\t\t<\/div>\n\t\t\t\t\t\t<\/div>\n\t\t\t\t<\/div>\n\t\t\t\t<div class=\"elementor-element elementor-element-c8fe47d sc_fly_static elementor-widget elementor-widget-heading\" data-id=\"c8fe47d\" data-element_type=\"widget\" data-e-type=\"widget\" data-widget_type=\"heading.default\">\n\t\t\t\t<div class=\"elementor-widget-container\">\n\t\t\t\t\t<h2 class=\"elementor-heading-title elementor-size-default\">Cotiza tus equipos o servicios con Compucomercial <\/h2>\t\t\t\t<\/div>\n\t\t\t\t<\/div>\n\t\t\t\t<div class=\"elementor-element elementor-element-2930907 sc_fly_static elementor-widget elementor-widget-text-editor\" data-id=\"2930907\" data-element_type=\"widget\" data-e-type=\"widget\" data-widget_type=\"text-editor.default\">\n\t\t\t\t<div class=\"elementor-widget-container\">\n\t\t\t\t\t\t\t\t\t<p>Nuestro equipo est\u00e1 listo para responder tus requerimientos en el menor tiempo posible.<\/p>\t\t\t\t\t\t\t\t<\/div>\n\t\t\t\t<\/div>\n\t\t\t\t<div class=\"elementor-element elementor-element-de5143d sc_fly_static elementor-widget elementor-widget-trx_sc_icons\" data-id=\"de5143d\" data-element_type=\"widget\" data-e-type=\"widget\" data-widget_type=\"trx_sc_icons.default\">\n\t\t\t\t<div class=\"elementor-widget-container\">\n\t\t\t\t\t<div \tclass=\"sc_icons color_style_link2 sc_icons_simple sc_icons_size_small sc_align_none\" ><div class=\"sc_icons_item sc_icons_item_linked\"><div class=\"sc_icons_icon sc_icon_type_ icon-marker\" ><span class=\"sc_icon_type_ icon-marker\"><\/span><\/div><div class=\"sc_icons_item_details\"><div class=\"sc_icons_item_description\"><span>Carrera 43 # 50-12 Local 125, Centro Comercial Parque Central, Barranquilla \u2013 Colombia<\/span><\/div><a href=\"https:\/\/www.google.com\/maps\/search\/Carrera+43+%23+50-12+Local+125,+Centro+Comercial+Parque+Central\/@10.9841459,-74.8102695,14z\/data=!3m1!4b1?entry=ttu&#038;g_ep=EgoyMDI1MTEwNC4xIKXMDSoASAFQAw%3D%3D\" class=\"sc_icons_item_link\" target=\"_blank\" rel=\"nofollow noopener\">\n                        <\/a><\/div><\/div><div class=\"sc_icons_item sc_icons_item_linked\"><div class=\"sc_icons_icon sc_icon_type_ icon-iphone\" ><span class=\"sc_icon_type_ icon-iphone\"><\/span><\/div><div class=\"sc_icons_item_details\"><div class=\"sc_icons_item_description\"><span>300 816 9900<\/span><span><\/span><span>313 548 4132<\/span><span><\/span><span>311 627 1512<\/span><span><\/span><\/div><a href=\"tel:3008169900\"\n                        class=\"sc_icons_item_link\">\n                        <\/a><\/div><\/div><div class=\"sc_icons_item sc_icons_item_linked\"><div class=\"sc_icons_icon sc_icon_type_ icon-phone\" ><span class=\"sc_icon_type_ icon-phone\"><\/span><\/div><div class=\"sc_icons_item_details\"><div class=\"sc_icons_item_description\"><span>6053044370<\/span><\/div><a href=\"tel:6053044370\"\n                        class=\"sc_icons_item_link\">\n                        <\/a><\/div><\/div><div class=\"sc_icons_item sc_icons_item_linked\"><div class=\"sc_icons_icon sc_icon_type_ icon-envelope-2\" ><span class=\"sc_icon_type_ icon-envelope-2\"><\/span><\/div><div class=\"sc_icons_item_details\"><div class=\"sc_icons_item_description\"><span><a href=\"mailto:compucomercial@hotmail.com\">compucomercial@hotmail.com<\/a><\/span><\/div><a href=\"mailto:compucomercial@hotmail.com\"\n                        class=\"sc_icons_item_link\">\n                        <\/a><\/div><\/div><\/div><!-- \/.sc_icons -->\t\t\t\t<\/div>\n\t\t\t\t<\/div>\n\t\t\t\t<div class=\"elementor-element elementor-element-bc10971 sc_fly_static elementor-widget elementor-widget-text-editor\" data-id=\"bc10971\" data-element_type=\"widget\" data-e-type=\"widget\" data-widget_type=\"text-editor.default\">\n\t\t\t\t<div class=\"elementor-widget-container\">\n\t\t\t\t\t\t\t\t\t<p>Tambi\u00e9n puedes enviarnos un mensaje directo a trav\u00e9s del <strong data-start=\"2510\" data-end=\"2591\"><a class=\"decorated-link\" href=\"https:\/\/compucomercial.com\/en\/contactanos\/\" target=\"_new\" rel=\"noopener\" data-start=\"2512\" data-end=\"2589\">formulario de contacto<\/a><\/strong> o visitar nuestra secci\u00f3n de <a href=\"https:\/\/compucomercial.com\/en\/shop\/\">productos tecnol\u00f3gicos <\/a>para realizar tu compra en l\u00ednea.<\/p>\t\t\t\t\t\t\t\t<\/div>\n\t\t\t\t<\/div>\n\t\t\t\t\t<\/div>\n\t\t<\/div>\n\t\t\t\t<div class=\"elementor-column elementor-col-50 elementor-top-column elementor-element elementor-element-6915b02 sc_content_align_inherit sc_layouts_column_icons_position_left sc_fly_static\" data-id=\"6915b02\" data-element_type=\"column\" data-e-type=\"column\">\n\t\t\t<div class=\"elementor-widget-wrap elementor-element-populated\">\n\t\t\t\t\t\t<div class=\"elementor-element elementor-element-deb5167 sc_fly_static elementor-widget elementor-widget-spacer\" data-id=\"deb5167\" data-element_type=\"widget\" data-e-type=\"widget\" data-widget_type=\"spacer.default\">\n\t\t\t\t<div class=\"elementor-widget-container\">\n\t\t\t\t\t\t\t<div class=\"elementor-spacer\">\n\t\t\t<div class=\"elementor-spacer-inner\"><\/div>\n\t\t<\/div>\n\t\t\t\t\t\t<\/div>\n\t\t\t\t<\/div>\n\t\t\t\t<div class=\"elementor-element elementor-element-0627716 sc_fly_static elementor-widget elementor-widget-trx_sc_contact_form_7\" data-id=\"0627716\" data-element_type=\"widget\" data-e-type=\"widget\" data-widget_type=\"trx_sc_contact_form_7.default\">\n\t\t\t\t<div class=\"elementor-widget-container\">\n\t\t\t\t\t\n<div class=\"wpcf7 no-js\" id=\"wpcf7-f5-o1\" lang=\"en-US\" dir=\"ltr\" data-wpcf7-id=\"5\">\n<div class=\"screen-reader-response\"><p role=\"status\" aria-live=\"polite\" aria-atomic=\"true\"><\/p> <ul><\/ul><\/div>\n<form action=\"\/en\/wp-json\/wp\/v2\/pages\/1453#wpcf7-f5-o1\" method=\"post\" class=\"wpcf7-form init\" aria-label=\"Contact form\" novalidate=\"novalidate\" data-status=\"init\" data-trp-original-action=\"\/en\/wp-json\/wp\/v2\/pages\/1453#wpcf7-f5-o1\">\n<fieldset class=\"hidden-fields-container\"><input type=\"hidden\" name=\"_wpcf7\" value=\"5\" \/><input type=\"hidden\" name=\"_wpcf7_version\" value=\"6.1.5\" \/><input type=\"hidden\" name=\"_wpcf7_locale\" value=\"en_US\" \/><input type=\"hidden\" name=\"_wpcf7_unit_tag\" value=\"wpcf7-f5-o1\" \/><input type=\"hidden\" name=\"_wpcf7_container_post\" value=\"0\" \/><input type=\"hidden\" name=\"_wpcf7_posted_data_hash\" value=\"\" \/>\n<\/fieldset>\n<div class=\"form-style-1\">\n\t<div class=\"columns_wrap\">\n\t\t<div class=\"column-1_2\">\n\t\t\t<p><span class=\"style-line\"><span class=\"wpcf7-form-control-wrap\" data-name=\"your-name\"><input size=\"40\" maxlength=\"400\" class=\"wpcf7-form-control wpcf7-text wpcf7-validates-as-required\" aria-required=\"true\" aria-invalid=\"false\" placeholder=\"Nombre Completo\" value=\"\" type=\"text\" name=\"your-name\" \/><\/span><\/span>\n\t\t\t<\/p>\n\t\t<\/div>\n\t\t<div class=\"column-1_2\">\n\t\t\t<p><span class=\"style-line\"><span class=\"wpcf7-form-control-wrap\" data-name=\"your-email\"><input size=\"40\" maxlength=\"400\" class=\"wpcf7-form-control wpcf7-email wpcf7-validates-as-required wpcf7-text wpcf7-validates-as-email\" aria-required=\"true\" aria-invalid=\"false\" placeholder=\"Email\" value=\"\" type=\"email\" name=\"your-email\" \/><\/span><\/span>\n\t\t\t<\/p>\n\t\t<\/div>\n\t<\/div>\n\t<div class=\"columns_wrap\">\n\t\t<div class=\"column-1_2\">\n\t\t\t<p><span class=\"style-line\"><span class=\"wpcf7-form-control-wrap\" data-name=\"phone\"><input size=\"40\" maxlength=\"400\" class=\"wpcf7-form-control wpcf7-tel wpcf7-validates-as-required wpcf7-text wpcf7-validates-as-tel\" aria-required=\"true\" aria-invalid=\"false\" placeholder=\"Tel\u00e9fono\" value=\"\" type=\"tel\" name=\"phone\" \/><\/span><\/span>\n\t\t\t<\/p>\n\t\t<\/div>\n\t\t<div class=\"column-1_2\">\n\t\t\t<p><span class=\"style-line\"><span class=\"wpcf7-form-control-wrap\" data-name=\"subject\"><input size=\"40\" maxlength=\"400\" class=\"wpcf7-form-control wpcf7-text wpcf7-validates-as-required\" aria-required=\"true\" aria-invalid=\"false\" placeholder=\"Asunto\" value=\"\" type=\"text\" name=\"subject\" \/><\/span><\/span>\n\t\t\t<\/p>\n\t\t<\/div>\n\t<\/div>\n\t<div class=\"columns_wrap margin-bottom\">\n\t\t<div class=\"column-1_1\">\n\t\t\t<p><span class=\"style-line\"><span class=\"wpcf7-form-control-wrap\" data-name=\"your-message\"><textarea cols=\"40\" rows=\"10\" maxlength=\"2000\" class=\"wpcf7-form-control wpcf7-textarea wpcf7-validates-as-required\" aria-required=\"true\" aria-invalid=\"false\" placeholder=\"En que te puedo ayudar\" name=\"your-message\"><\/textarea><\/span><\/span>\n\t\t\t<\/p>\n\t\t<\/div>\n\t<\/div>\n\t<p><input class=\"wpcf7-form-control wpcf7-submit has-spinner\" type=\"submit\" value=\"Enviar\" \/><span class=\"wpcf7-form-control-wrap\" data-name=\"acceptance\"><span class=\"wpcf7-form-control wpcf7-acceptance\"><span class=\"wpcf7-list-item\"><label><input type=\"checkbox\" name=\"acceptance\" value=\"1\" aria-invalid=\"false\" \/><span class=\"wpcf7-list-item-label\">Acepto que se recopilen <a href=\"https:\/\/compucomercial.com\/en\/politicas-de-privacidad\/\">mis datos<\/a>.<\/span><\/label><\/span><\/span><\/span>\n\t<\/p>\n<\/div><div class=\"wpcf7-response-output\" aria-hidden=\"true\"><\/div>\n<input type=\"hidden\" name=\"trp-form-language\" value=\"en\"\/><\/form>\n<\/div>\n\t\t\t\t<\/div>\n\t\t\t\t<\/div>\n\t\t\t\t\t<\/div>\n\t\t<\/div>\n\t\t\t\t\t<\/div>\n\t\t<\/section>\n\t\t\t\t<section class=\"elementor-section elementor-top-section elementor-element elementor-element-0e19c4e elementor-section-boxed elementor-section-height-default elementor-section-height-default sc_fly_static\" data-id=\"0e19c4e\" data-element_type=\"section\" data-e-type=\"section\">\n\t\t\t\t\t\t<div class=\"elementor-container elementor-column-gap-extended\">\n\t\t\t\t\t<div class=\"elementor-column elementor-col-100 elementor-top-column elementor-element elementor-element-6ebb4cb sc_content_align_inherit sc_layouts_column_icons_position_left sc_fly_static\" data-id=\"6ebb4cb\" data-element_type=\"column\" data-e-type=\"column\">\n\t\t\t<div class=\"elementor-widget-wrap elementor-element-populated\">\n\t\t\t\t\t\t<div class=\"elementor-element elementor-element-5b9e607 sc_fly_static elementor-widget elementor-widget-heading\" data-id=\"5b9e607\" data-element_type=\"widget\" data-e-type=\"widget\" data-widget_type=\"heading.default\">\n\t\t\t\t<div class=\"elementor-widget-container\">\n\t\t\t\t\t<h1 class=\"elementor-heading-title elementor-size-default\">Servicio t\u00e9cnico y atenci\u00f3n personalizada<\/h1>\t\t\t\t<\/div>\n\t\t\t\t<\/div>\n\t\t\t\t<div class=\"elementor-element elementor-element-ec8353b sc_fly_static elementor-widget elementor-widget-text-editor\" data-id=\"ec8353b\" data-element_type=\"widget\" data-e-type=\"widget\" data-widget_type=\"text-editor.default\">\n\t\t\t\t<div class=\"elementor-widget-container\">\n\t\t\t\t\t\t\t\t\t<p data-start=\"2791\" data-end=\"3040\">En Compucomercial no solo vendemos tecnolog\u00eda, <strong data-start=\"2838\" data-end=\"2903\">brindamos confianza, mantenimiento y soporte t\u00e9cnico integral<\/strong>. Nuestro objetivo es que cada cliente, desde los hogares hasta las empresas, disfrute de una experiencia \u00e1gil, segura y satisfactoria.<\/p><p data-start=\"3042\" data-end=\"3237\">Conoce m\u00e1s sobre nosotros en la secci\u00f3n <a class=\"decorated-link cursor-pointer\" href=\"https:\/\/compucomercial.com\/en\/nosotros\/\" target=\"_blank\" rel=\"noopener\" data-start=\"3082\" data-end=\"3152\">Qui\u00e9nes Somos<\/a> y descubre por qu\u00e9 somos referentes en tecnolog\u00eda en Barranquilla y toda Colombia.<\/p>\t\t\t\t\t\t\t\t<\/div>\n\t\t\t\t<\/div>\n\t\t\t\t\t<\/div>\n\t\t<\/div>\n\t\t\t\t\t<\/div>\n\t\t<\/section>\n\t\t\t\t<section class=\"elementor-section elementor-top-section elementor-element elementor-element-788c6027 elementor-section-boxed elementor-section-height-default elementor-section-height-default sc_fly_static\" data-id=\"788c6027\" data-element_type=\"section\" data-e-type=\"section\">\n\t\t\t\t\t\t<div class=\"elementor-container elementor-column-gap-extended\">\n\t\t\t\t\t<div class=\"elementor-column elementor-col-100 elementor-top-column elementor-element elementor-element-23ee8598 sc_content_align_inherit sc_layouts_column_icons_position_left sc_fly_static\" data-id=\"23ee8598\" data-element_type=\"column\" data-e-type=\"column\">\n\t\t\t<div class=\"elementor-widget-wrap elementor-element-populated\">\n\t\t\t\t\t\t<div class=\"elementor-element elementor-element-47216a1 sc_height_huge sc_fly_static elementor-widget elementor-widget-spacer\" data-id=\"47216a1\" data-element_type=\"widget\" data-e-type=\"widget\" data-widget_type=\"spacer.default\">\n\t\t\t\t<div class=\"elementor-widget-container\">\n\t\t\t\t\t\t\t<div class=\"elementor-spacer\">\n\t\t\t<div class=\"elementor-spacer-inner\"><\/div>\n\t\t<\/div>\n\t\t\t\t\t\t<\/div>\n\t\t\t\t<\/div>\n\t\t\t\t<div class=\"elementor-element elementor-element-15562aa0 sc_fly_static elementor-widget elementor-widget-spacer\" data-id=\"15562aa0\" data-element_type=\"widget\" data-e-type=\"widget\" data-widget_type=\"spacer.default\">\n\t\t\t\t<div class=\"elementor-widget-container\">\n\t\t\t\t\t\t\t<div class=\"elementor-spacer\">\n\t\t\t<div class=\"elementor-spacer-inner\"><\/div>\n\t\t<\/div>\n\t\t\t\t\t\t<\/div>\n\t\t\t\t<\/div>\n\t\t\t\t\t<\/div>\n\t\t<\/div>\n\t\t\t\t\t<\/div>\n\t\t<\/section>\n\t\t\t\t<section class=\"elementor-section elementor-top-section elementor-element elementor-element-6e42dd18 elementor-section-full_width elementor-section-height-default elementor-section-height-default sc_fly_static\" data-id=\"6e42dd18\" data-element_type=\"section\" data-e-type=\"section\">\n\t\t\t\t\t\t<div class=\"elementor-container elementor-column-gap-no\">\n\t\t\t\t\t<div class=\"elementor-column elementor-col-100 elementor-top-column elementor-element elementor-element-7d0b6b28 sc_content_align_inherit sc_layouts_column_icons_position_left sc_fly_static\" data-id=\"7d0b6b28\" data-element_type=\"column\" data-e-type=\"column\">\n\t\t\t<div class=\"elementor-widget-wrap elementor-element-populated\">\n\t\t\t\t\t\t<div class=\"elementor-element elementor-element-68ee9478 sc_fly_static elementor-widget elementor-widget-trx_sc_googlemap\" data-id=\"68ee9478\" data-element_type=\"widget\" data-e-type=\"widget\" data-widget_type=\"trx_sc_googlemap.default\">\n\t\t\t\t<div class=\"elementor-widget-container\">\n\t\t\t\t\t<div id=\"sc_googlemap_1582239450_wrap\" class=\"sc_googlemap_wrap\"><div id=\"sc_googlemap_1582239450\"\t\t\tclass=\"sc_item_content sc_map sc_googlemap sc_googlemap_default trx_addons_inline_1704314898\"\n\t\t\t \t\t\tdata-zoom=\"15\"\n\t\t\tdata-center=\"\"\n\t\t\tdata-style=\"extra\"\n\t\t\tdata-map-id=\"Carrera 43 # 50-12 Local 125  Centro Comercial Parque Central  Barranquilla - Colombia\"\n\t\t\tdata-cluster-icon=\"\"\n\t\t\t><iframe\n\t\t\t\t\t\tsrc=\"https:\/\/maps.google.com\/maps?t=m&output=embed&iwloc=near&z=15&q=Carrera+43+%23+50-12+Local+125++Centro+Comercial+Parque+Central++Barranquilla+-+Colombia\"\n\t\t\t\t\t\taria-label=\"\"><\/iframe><\/div><\/div>\t\t\t\t<\/div>\n\t\t\t\t<\/div>\n\t\t\t\t\t<\/div>\n\t\t<\/div>\n\t\t\t\t\t<\/div>\n\t\t<\/section>\n\t\t\t\t<\/div>","protected":false},"excerpt":{"rendered":"<p>Contacto Compucomercial \u2013 Tecnolog\u00eda y Soluciones En Compucomercial queremos estar cerca de ti. Cont\u00e1ctanos para recibir asesor\u00eda personalizada, cotizar tus equipos de c\u00f3mputo o programar el mantenimiento de tus dispositivos.&hellip;<\/p>","protected":false},"author":1,"featured_media":0,"parent":0,"menu_order":0,"comment_status":"closed","ping_status":"closed","template":"","meta":{"_joinchat":[],"footnotes":""},"class_list":["post-1453","page","type-page","status-publish","hentry"],"_hostinger_reach_plugin_has_subscription_block":false,"_hostinger_reach_plugin_is_elementor":false,"_links":{"self":[{"href":"https:\/\/compucomercial.com\/en\/wp-json\/wp\/v2\/pages\/1453","targetHints":{"allow":["GET"]}}],"collection":[{"href":"https:\/\/compucomercial.com\/en\/wp-json\/wp\/v2\/pages"}],"about":[{"href":"https:\/\/compucomercial.com\/en\/wp-json\/wp\/v2\/types\/page"}],"author":[{"embeddable":true,"href":"https:\/\/compucomercial.com\/en\/wp-json\/wp\/v2\/users\/1"}],"replies":[{"embeddable":true,"href":"https:\/\/compucomercial.com\/en\/wp-json\/wp\/v2\/comments?post=1453"}],"version-history":[{"count":50,"href":"https:\/\/compucomercial.com\/en\/wp-json\/wp\/v2\/pages\/1453\/revisions"}],"predecessor-version":[{"id":76466,"href":"https:\/\/compucomercial.com\/en\/wp-json\/wp\/v2\/pages\/1453\/revisions\/76466"}],"wp:attachment":[{"href":"https:\/\/compucomercial.com\/en\/wp-json\/wp\/v2\/media?parent=1453"}],"curies":[{"name":"wp","href":"https:\/\/api.w.org\/{rel}","templated":true}]}}