{"id":75715,"date":"2026-01-24T16:01:07","date_gmt":"2026-01-24T16:01:07","guid":{"rendered":"https:\/\/compucomercial.com\/?post_type=product&#038;p=75715"},"modified":"2026-03-18T20:43:06","modified_gmt":"2026-03-18T20:43:06","slug":"epson-econtank-l3210","status":"publish","type":"product","link":"https:\/\/compucomercial.com\/en\/product\/epson-econtank-l3210\/","title":{"rendered":"EPSON ECONTANK L3210"},"content":{"rendered":"","protected":false},"excerpt":{"rendered":"<p>IMPRESORA EPSON ECOTANK L3210 Resoluci\u00f3n de m\u00e1xima de impresi\u00f3n Hasta 5760 dpi x 1440 dpi Velocidad de impresi\u00f3n m\u00e1xima Negro 33 ppm y color 15 ppm (borrador, A4\/carta) Velocidad de Impresi\u00f3n ISO2 Negro 10 ppm y color 5 ppm (A4\/carta) Velocidad de copiado ISO3 Negro 7 cpm y color 1,7 cpm (A4\/carta) Resoluci\u00f3n m\u00e1xima de copiado 600 dpi x 1.200 dpi Tama\u00f1o m\u00e1ximo de copiado A4\/carta Tipo de esc\u00e1ner Cama plana con sensor de l\u00edneas CIS de color\u00c1rea de escaneo m\u00e1xima 216 mm x 297 mm Resoluci\u00f3n \u00f3ptica\/m\u00e1xima 600 dpi x 1.200 dpi Conectividad est\u00e1ndar USB de alta velocidad (compatible con USB 2.0) Compatibilidad con Sistemas Operativos Windows Vista\u00ae \/ 7 \/ 8 \/ 8.1 \/ 10 o m\u00e1s reciente (32bit, 64bit) Windows Server\u00ae 2003 (SP2) or later Mac OS X 10.5.8 o m\u00e1s reciente, macOS 11 o m\u00e1s reciente<\/p>","protected":false},"featured_media":75716,"comment_status":"open","ping_status":"closed","template":"","meta":{"_joinchat":[]},"product_brand":[],"product_cat":[311,312],"product_tag":[],"class_list":{"0":"post-75715","1":"product","2":"type-product","3":"status-publish","4":"has-post-thumbnail","6":"product_cat-impresion","7":"product_cat-impresora","9":"first","10":"instock","11":"shipping-taxable","12":"product-type-simple"},"_links":{"self":[{"href":"https:\/\/compucomercial.com\/en\/wp-json\/wp\/v2\/product\/75715","targetHints":{"allow":["GET"]}}],"collection":[{"href":"https:\/\/compucomercial.com\/en\/wp-json\/wp\/v2\/product"}],"about":[{"href":"https:\/\/compucomercial.com\/en\/wp-json\/wp\/v2\/types\/product"}],"replies":[{"embeddable":true,"href":"https:\/\/compucomercial.com\/en\/wp-json\/wp\/v2\/comments?post=75715"}],"wp:featuredmedia":[{"embeddable":true,"href":"https:\/\/compucomercial.com\/en\/wp-json\/wp\/v2\/media\/75716"}],"wp:attachment":[{"href":"https:\/\/compucomercial.com\/en\/wp-json\/wp\/v2\/media?parent=75715"}],"wp:term":[{"taxonomy":"product_brand","embeddable":true,"href":"https:\/\/compucomercial.com\/en\/wp-json\/wp\/v2\/product_brand?post=75715"},{"taxonomy":"product_cat","embeddable":true,"href":"https:\/\/compucomercial.com\/en\/wp-json\/wp\/v2\/product_cat?post=75715"},{"taxonomy":"product_tag","embeddable":true,"href":"https:\/\/compucomercial.com\/en\/wp-json\/wp\/v2\/product_tag?post=75715"}],"curies":[{"name":"wp","href":"https:\/\/api.w.org\/{rel}","templated":true}]}}