{"id":75720,"date":"2026-01-24T16:04:50","date_gmt":"2026-01-24T16:04:50","guid":{"rendered":"https:\/\/compucomercial.com\/?post_type=product&#038;p=75720"},"modified":"2026-03-18T20:43:09","modified_gmt":"2026-03-18T20:43:09","slug":"epson-econtank-l3251","status":"publish","type":"product","link":"https:\/\/compucomercial.com\/en\/product\/epson-econtank-l3251\/","title":{"rendered":"EPSON ECONTANK L3251"},"content":{"rendered":"","protected":false},"excerpt":{"rendered":"<p>Impresora Epson Multifuncional L3251 Wifi Impresi\u00f3n:Hasta 5.760 dpi x 1.440 dpiVelocidad de Impresi\u00f3n ISO:<br \/>\nNegro 10 ppm y color 5 ppm (A4\/carta)Velocidad de Impresi\u00f3n: Negro 33 ppm y color 15 ppm (borrador, A4\/carta) ESCANER Cama plana con sensor de l\u00edneas CIS de color Resoluci\u00f3n \u00d3ptica: 1.200 dpi x 2.400 dpi Profundidad del Bit de Color: 48 bits de entrada, 24 bits de salida Velocidad de Copiado ISO: Negro 7,7 cpm y color 3,8 cpm (A4\/carta)M\u00e1ximo Tama\u00f1o de Copia: A4\/carta \u2013 1.200 dpi x 2.400 dpi SISTEMAS DE OPERACI\u00d3N Windows Vista\u00ae \/ 7 \/ 8 \/ 8.1 \/ 10 o m\u00e1s reciente (32bit, 64bit) Mac OS X 10.5.8 o m\u00e1s reciente, Mac OS 11 o m\u00e1s reciente CONECTIVIDAD Conectividad Est\u00e1ndar: USB de alta velocidad (compatible con USB 2.0), Wi-Fi, Wi-Fi Direct<\/p>","protected":false},"featured_media":75721,"comment_status":"open","ping_status":"closed","template":"","meta":{"_joinchat":[]},"product_brand":[],"product_cat":[311,312],"product_tag":[],"class_list":{"0":"post-75720","1":"product","2":"type-product","3":"status-publish","4":"has-post-thumbnail","6":"product_cat-impresion","7":"product_cat-impresora","9":"first","10":"instock","11":"shipping-taxable","12":"product-type-simple"},"_links":{"self":[{"href":"https:\/\/compucomercial.com\/en\/wp-json\/wp\/v2\/product\/75720","targetHints":{"allow":["GET"]}}],"collection":[{"href":"https:\/\/compucomercial.com\/en\/wp-json\/wp\/v2\/product"}],"about":[{"href":"https:\/\/compucomercial.com\/en\/wp-json\/wp\/v2\/types\/product"}],"replies":[{"embeddable":true,"href":"https:\/\/compucomercial.com\/en\/wp-json\/wp\/v2\/comments?post=75720"}],"wp:featuredmedia":[{"embeddable":true,"href":"https:\/\/compucomercial.com\/en\/wp-json\/wp\/v2\/media\/75721"}],"wp:attachment":[{"href":"https:\/\/compucomercial.com\/en\/wp-json\/wp\/v2\/media?parent=75720"}],"wp:term":[{"taxonomy":"product_brand","embeddable":true,"href":"https:\/\/compucomercial.com\/en\/wp-json\/wp\/v2\/product_brand?post=75720"},{"taxonomy":"product_cat","embeddable":true,"href":"https:\/\/compucomercial.com\/en\/wp-json\/wp\/v2\/product_cat?post=75720"},{"taxonomy":"product_tag","embeddable":true,"href":"https:\/\/compucomercial.com\/en\/wp-json\/wp\/v2\/product_tag?post=75720"}],"curies":[{"name":"wp","href":"https:\/\/api.w.org\/{rel}","templated":true}]}}