{"id":75722,"date":"2026-01-24T16:09:20","date_gmt":"2026-01-24T16:09:20","guid":{"rendered":"https:\/\/compucomercial.com\/?post_type=product&#038;p=75722"},"modified":"2026-03-18T20:43:13","modified_gmt":"2026-03-18T20:43:13","slug":"epson-econtank-l5590","status":"publish","type":"product","link":"https:\/\/compucomercial.com\/en\/product\/epson-econtank-l5590\/","title":{"rendered":"EPSON ECONTANK L5590"},"content":{"rendered":"","protected":false},"excerpt":{"rendered":"<p>IMPRESORA EPSON ECONTANK L5590 Resoluci\u00f3n de impresi\u00f3n 4.800 x 1.200 ppp Funciones todo en uno : Imprimir, escanear, copiar, enviar por fax Velocidad de impresi\u00f3n: 33 p\u00e1ginas\/min en monocromo (papel normal de 75 g\/m2), 20 p\u00e1ginas\/min en color (papel normal de 75 g\/m2), 90 segundos por foto de 10 x 15 cm (papel fotogr\u00e1fico brillante Epson Premium) Colores: Negro, cian, amarillo, magenta Velocidad de escaneado a una cara (A4 negro): 5 ipm con escaneo ADF 12 seg. con esc\u00e1ner plano Velocidad de escaneado a una cara (color A4): 5 ipm con escaneo ADF 29 seg. con esc\u00e1ner plano Resoluci\u00f3n \u00f3ptica: 1.200 DPI x 2.400 DPI (Horizontal x Vertical) Tama\u00f1o m\u00e1ximo de escaneo: 216mm x 297mm Tipo de esc\u00e1ner: Sensor de imagen de contacto (CIS) Tipo de fax: Capacidad de fax en color y en blanco y negro independiente Velocidad de transmisi\u00f3n de fax: Hasta 33,6 kbps \/ Aprox. 3 seg\/p\u00e1gina<\/p>","protected":false},"featured_media":75723,"comment_status":"open","ping_status":"closed","template":"","meta":{"_joinchat":[]},"product_brand":[],"product_cat":[311,312],"product_tag":[],"class_list":{"0":"post-75722","1":"product","2":"type-product","3":"status-publish","4":"has-post-thumbnail","6":"product_cat-impresion","7":"product_cat-impresora","9":"first","10":"instock","11":"shipping-taxable","12":"product-type-simple"},"_links":{"self":[{"href":"https:\/\/compucomercial.com\/en\/wp-json\/wp\/v2\/product\/75722","targetHints":{"allow":["GET"]}}],"collection":[{"href":"https:\/\/compucomercial.com\/en\/wp-json\/wp\/v2\/product"}],"about":[{"href":"https:\/\/compucomercial.com\/en\/wp-json\/wp\/v2\/types\/product"}],"replies":[{"embeddable":true,"href":"https:\/\/compucomercial.com\/en\/wp-json\/wp\/v2\/comments?post=75722"}],"wp:featuredmedia":[{"embeddable":true,"href":"https:\/\/compucomercial.com\/en\/wp-json\/wp\/v2\/media\/75723"}],"wp:attachment":[{"href":"https:\/\/compucomercial.com\/en\/wp-json\/wp\/v2\/media?parent=75722"}],"wp:term":[{"taxonomy":"product_brand","embeddable":true,"href":"https:\/\/compucomercial.com\/en\/wp-json\/wp\/v2\/product_brand?post=75722"},{"taxonomy":"product_cat","embeddable":true,"href":"https:\/\/compucomercial.com\/en\/wp-json\/wp\/v2\/product_cat?post=75722"},{"taxonomy":"product_tag","embeddable":true,"href":"https:\/\/compucomercial.com\/en\/wp-json\/wp\/v2\/product_tag?post=75722"}],"curies":[{"name":"wp","href":"https:\/\/api.w.org\/{rel}","templated":true}]}}