{"id":75726,"date":"2026-01-24T16:15:30","date_gmt":"2026-01-24T16:15:30","guid":{"rendered":"https:\/\/compucomercial.com\/?post_type=product&#038;p=75726"},"modified":"2026-03-18T20:43:18","modified_gmt":"2026-03-18T20:43:18","slug":"pixma-canon-g3170","status":"publish","type":"product","link":"https:\/\/compucomercial.com\/en\/product\/pixma-canon-g3170\/","title":{"rendered":"PIXMA CANON G3170"},"content":{"rendered":"","protected":false},"excerpt":{"rendered":"<p>Multifuncional PIXMA G3170 Impresora multifuncional de inyecci\u00f3n de tinta con tanques integrados.<br \/>\nSistema h\u00edbrido de tintas: La tinta negra est\u00e1 hecha a base de pigmentos que dan un texto mucho m\u00e1s n\u00edtido; las tintas Cian, Magenta y Amarillo est\u00e1n hechas a base de tintes, lo que permite tener im\u00e1genes con una gama de color mucho m\u00e1s vibrantes.<br \/>\nTen un llenado de tanques m\u00e1s limpio y f\u00e1cil gracias a v\u00e1lvulas especiales las cuales embonan con las entradas de la impresora; cada color tiene una v\u00e1lvula especial que solo embona con el color del tanque, para evitar que los tanques sean llenados de otro color de manera accidental.<br \/>\nAlarga la vida de tu equipo gracias a los kits de cabezales y al cartucho de mantenimiento. Puedes hacer el cambio en 5 minutos desde tu casa u oficina.<br \/>\nConexi\u00f3n por USB de alta velocidad y por Wi-Fi\u00ae (Inal\u00e1mbrica LAN, 2.4)<br \/>\nCompatibilidad con Windows y iOS Mac<\/p>","protected":false},"featured_media":75727,"comment_status":"open","ping_status":"closed","template":"","meta":{"_joinchat":[]},"product_brand":[],"product_cat":[311,312],"product_tag":[],"class_list":{"0":"post-75726","1":"product","2":"type-product","3":"status-publish","4":"has-post-thumbnail","6":"product_cat-impresion","7":"product_cat-impresora","9":"first","10":"instock","11":"shipping-taxable","12":"product-type-simple"},"_links":{"self":[{"href":"https:\/\/compucomercial.com\/en\/wp-json\/wp\/v2\/product\/75726","targetHints":{"allow":["GET"]}}],"collection":[{"href":"https:\/\/compucomercial.com\/en\/wp-json\/wp\/v2\/product"}],"about":[{"href":"https:\/\/compucomercial.com\/en\/wp-json\/wp\/v2\/types\/product"}],"replies":[{"embeddable":true,"href":"https:\/\/compucomercial.com\/en\/wp-json\/wp\/v2\/comments?post=75726"}],"wp:featuredmedia":[{"embeddable":true,"href":"https:\/\/compucomercial.com\/en\/wp-json\/wp\/v2\/media\/75727"}],"wp:attachment":[{"href":"https:\/\/compucomercial.com\/en\/wp-json\/wp\/v2\/media?parent=75726"}],"wp:term":[{"taxonomy":"product_brand","embeddable":true,"href":"https:\/\/compucomercial.com\/en\/wp-json\/wp\/v2\/product_brand?post=75726"},{"taxonomy":"product_cat","embeddable":true,"href":"https:\/\/compucomercial.com\/en\/wp-json\/wp\/v2\/product_cat?post=75726"},{"taxonomy":"product_tag","embeddable":true,"href":"https:\/\/compucomercial.com\/en\/wp-json\/wp\/v2\/product_tag?post=75726"}],"curies":[{"name":"wp","href":"https:\/\/api.w.org\/{rel}","templated":true}]}}