{"id":75733,"date":"2026-01-24T16:19:35","date_gmt":"2026-01-24T16:19:35","guid":{"rendered":"https:\/\/compucomercial.com\/?post_type=product&#038;p=75733"},"modified":"2026-03-18T20:43:24","modified_gmt":"2026-03-18T20:43:24","slug":"pixma-canon-g4170","status":"publish","type":"product","link":"https:\/\/compucomercial.com\/en\/product\/pixma-canon-g4170\/","title":{"rendered":"PIXMA CANON G4170"},"content":{"rendered":"","protected":false},"excerpt":{"rendered":"<p>Multifuncional PIXMA G4110 Imprime de forma inalambrica, copia, escanea y enviar fax, tiene un alimentador autom\u00e1tico de documentos de 20 hojas y una pantalla LCD de 2 l\u00edneas. Imprima documentos y p\u00e1ginas Web a velocidades de 8.8 im\u00e1genes por minuto (ipm) en negro y 5.0 im\u00e1genes por minuto (ipm) en color. imprima hasta 6,000 p\u00e1ginas en negro y 7,000 a color. GI-190 Negra: Tinta Pigmento Negra<br \/>\nGI-190 Cian\/Magenta\/Amarillo (Colores a base de tinta)<\/p>","protected":false},"featured_media":75734,"comment_status":"open","ping_status":"closed","template":"","meta":{"_joinchat":[]},"product_brand":[],"product_cat":[311,312],"product_tag":[],"class_list":{"0":"post-75733","1":"product","2":"type-product","3":"status-publish","4":"has-post-thumbnail","6":"product_cat-impresion","7":"product_cat-impresora","9":"first","10":"instock","11":"shipping-taxable","12":"product-type-simple"},"_links":{"self":[{"href":"https:\/\/compucomercial.com\/en\/wp-json\/wp\/v2\/product\/75733","targetHints":{"allow":["GET"]}}],"collection":[{"href":"https:\/\/compucomercial.com\/en\/wp-json\/wp\/v2\/product"}],"about":[{"href":"https:\/\/compucomercial.com\/en\/wp-json\/wp\/v2\/types\/product"}],"replies":[{"embeddable":true,"href":"https:\/\/compucomercial.com\/en\/wp-json\/wp\/v2\/comments?post=75733"}],"wp:featuredmedia":[{"embeddable":true,"href":"https:\/\/compucomercial.com\/en\/wp-json\/wp\/v2\/media\/75734"}],"wp:attachment":[{"href":"https:\/\/compucomercial.com\/en\/wp-json\/wp\/v2\/media?parent=75733"}],"wp:term":[{"taxonomy":"product_brand","embeddable":true,"href":"https:\/\/compucomercial.com\/en\/wp-json\/wp\/v2\/product_brand?post=75733"},{"taxonomy":"product_cat","embeddable":true,"href":"https:\/\/compucomercial.com\/en\/wp-json\/wp\/v2\/product_cat?post=75733"},{"taxonomy":"product_tag","embeddable":true,"href":"https:\/\/compucomercial.com\/en\/wp-json\/wp\/v2\/product_tag?post=75733"}],"curies":[{"name":"wp","href":"https:\/\/api.w.org\/{rel}","templated":true}]}}