{"id":75738,"date":"2026-01-24T16:24:56","date_gmt":"2026-01-24T16:24:56","guid":{"rendered":"https:\/\/compucomercial.com\/?post_type=product&#038;p=75738"},"modified":"2026-03-18T20:43:28","modified_gmt":"2026-03-18T20:43:28","slug":"7md68abgj-hp-laserjet","status":"publish","type":"product","link":"https:\/\/compucomercial.com\/en\/product\/7md68abgj-hp-laserjet\/","title":{"rendered":"7MD68A#BGJ HP LaserJet"},"content":{"rendered":"","protected":false},"excerpt":{"rendered":"<p>7MD68A#BGJ Nueva Impresora HP LaserJet M111w\/ Remplazo 107W \/Velocidad de impresi\u00f3n en negro A4: Hasta 21 ppm Resoluci\u00f3n de impresi\u00f3n: Negro (\u00f3ptimo): Hasta 600 x 600 ppp \/Conectividad est\u00e1ndar: 1 USB 2.0 de alta velocidad; conexi\u00f3n inal\u00e1mbrica 802.11b\/g\/n de 2,4 GHz con Bluetooth\u00ae\ufe0f de bajo consumo de energ\u00eda \/Capacidad de impresi\u00f3n m\u00f3vil: Aplicaci\u00f3n HP Smart; Apple AirPrint\u2122\ufe0f; Impresi\u00f3n Wi-Fi Direct\u00ae\ufe0f; Con certificaci\u00f3n Mopria\u2122\ufe0f Ciclo de trabajo: Mensual (A4): Hasta 8,000 p\u00e1ginas \/ Cartuchos de reemplazo Cartucho de t\u00f3ner HP LaserJet 150A, negro (aproximadamente 975 p\u00e1ginas), W1500A \/Garant\u00eda limitada de un a\u00f1o Pantalla: LED Manejo del papel: Bandeja de entrada para 150 hojas; Bandeja de salida para 100 hojas. Colombia \/Volumen de p\u00e1ginas mensuales recomendado 100 a 1000 p\u00e1ginas<\/p>","protected":false},"featured_media":75739,"comment_status":"open","ping_status":"closed","template":"","meta":{"_joinchat":[]},"product_brand":[],"product_cat":[311,312],"product_tag":[],"class_list":{"0":"post-75738","1":"product","2":"type-product","3":"status-publish","4":"has-post-thumbnail","6":"product_cat-impresion","7":"product_cat-impresora","9":"first","10":"instock","11":"shipping-taxable","12":"product-type-simple"},"_links":{"self":[{"href":"https:\/\/compucomercial.com\/en\/wp-json\/wp\/v2\/product\/75738","targetHints":{"allow":["GET"]}}],"collection":[{"href":"https:\/\/compucomercial.com\/en\/wp-json\/wp\/v2\/product"}],"about":[{"href":"https:\/\/compucomercial.com\/en\/wp-json\/wp\/v2\/types\/product"}],"replies":[{"embeddable":true,"href":"https:\/\/compucomercial.com\/en\/wp-json\/wp\/v2\/comments?post=75738"}],"wp:featuredmedia":[{"embeddable":true,"href":"https:\/\/compucomercial.com\/en\/wp-json\/wp\/v2\/media\/75739"}],"wp:attachment":[{"href":"https:\/\/compucomercial.com\/en\/wp-json\/wp\/v2\/media?parent=75738"}],"wp:term":[{"taxonomy":"product_brand","embeddable":true,"href":"https:\/\/compucomercial.com\/en\/wp-json\/wp\/v2\/product_brand?post=75738"},{"taxonomy":"product_cat","embeddable":true,"href":"https:\/\/compucomercial.com\/en\/wp-json\/wp\/v2\/product_cat?post=75738"},{"taxonomy":"product_tag","embeddable":true,"href":"https:\/\/compucomercial.com\/en\/wp-json\/wp\/v2\/product_tag?post=75738"}],"curies":[{"name":"wp","href":"https:\/\/api.w.org\/{rel}","templated":true}]}}