{"id":75740,"date":"2026-01-24T16:31:37","date_gmt":"2026-01-24T16:31:37","guid":{"rendered":"https:\/\/compucomercial.com\/?post_type=product&#038;p=75740"},"modified":"2026-03-18T20:43:32","modified_gmt":"2026-03-18T20:43:32","slug":"7md74abgj-hp-laserjet","status":"publish","type":"product","link":"https:\/\/compucomercial.com\/en\/product\/7md74abgj-hp-laserjet\/","title":{"rendered":"7MD74A#BGJ HP LaserJet"},"content":{"rendered":"","protected":false},"excerpt":{"rendered":"<p>7MD74A#BGJ NUEVA Impresora multifunci\u00f3n HP LaserJet M141w \/ remplazo 135-137 \/ Funciones Impresi\u00f3n, copia , escaneado \/Velocidad de impresi\u00f3n en negro A4: Hasta 20 ppm; Salida de la primera p\u00e1gina: 8,5 segundos\/ Resoluci\u00f3n de impresi\u00f3n Negro (\u00f3ptima): Hasta 600 x 600 ppp \/Tecnolog\u00eda de impresi\u00f3n L\u00e1ser \/ Tecnolog\u00edas de resoluci\u00f3n de impresi\u00f3n HP FastRes 600 Cantidad de cartuchos de impresi\u00f3n 1 (negro)<\/p>","protected":false},"featured_media":75741,"comment_status":"open","ping_status":"closed","template":"","meta":{"_joinchat":[]},"product_brand":[],"product_cat":[311,312],"product_tag":[],"class_list":{"0":"post-75740","1":"product","2":"type-product","3":"status-publish","4":"has-post-thumbnail","6":"product_cat-impresion","7":"product_cat-impresora","9":"first","10":"instock","11":"shipping-taxable","12":"product-type-simple"},"_links":{"self":[{"href":"https:\/\/compucomercial.com\/en\/wp-json\/wp\/v2\/product\/75740","targetHints":{"allow":["GET"]}}],"collection":[{"href":"https:\/\/compucomercial.com\/en\/wp-json\/wp\/v2\/product"}],"about":[{"href":"https:\/\/compucomercial.com\/en\/wp-json\/wp\/v2\/types\/product"}],"replies":[{"embeddable":true,"href":"https:\/\/compucomercial.com\/en\/wp-json\/wp\/v2\/comments?post=75740"}],"wp:featuredmedia":[{"embeddable":true,"href":"https:\/\/compucomercial.com\/en\/wp-json\/wp\/v2\/media\/75741"}],"wp:attachment":[{"href":"https:\/\/compucomercial.com\/en\/wp-json\/wp\/v2\/media?parent=75740"}],"wp:term":[{"taxonomy":"product_brand","embeddable":true,"href":"https:\/\/compucomercial.com\/en\/wp-json\/wp\/v2\/product_brand?post=75740"},{"taxonomy":"product_cat","embeddable":true,"href":"https:\/\/compucomercial.com\/en\/wp-json\/wp\/v2\/product_cat?post=75740"},{"taxonomy":"product_tag","embeddable":true,"href":"https:\/\/compucomercial.com\/en\/wp-json\/wp\/v2\/product_tag?post=75740"}],"curies":[{"name":"wp","href":"https:\/\/api.w.org\/{rel}","templated":true}]}}