{"id":75744,"date":"2026-01-24T19:01:55","date_gmt":"2026-01-24T19:01:55","guid":{"rendered":"https:\/\/compucomercial.com\/?post_type=product&#038;p=75744"},"modified":"2026-03-18T20:50:28","modified_gmt":"2026-03-18T20:50:28","slug":"e200i-digital-pos","status":"publish","type":"product","link":"https:\/\/compucomercial.com\/en\/product\/e200i-digital-pos\/","title":{"rendered":"E200I DIGITAL POS"},"content":{"rendered":"","protected":false},"excerpt":{"rendered":"<p>IMPRESORA TERMICA DIGITAL POS E200I USB+LAN. Adaptable montaje en pared<br \/>\nM\u00e9todo de impresi\u00f3n lineal t\u00e9rmica directa<br \/>\nComandos ESC \/ POS compatibles \u2022 Mecanismo y auto cortador integrado, m\u00e1s duradero<br \/>\nAncho de papel 80mm<br \/>\nAncho de impresi\u00f3n 80 mm<br \/>\nVelocidad de impresi\u00f3n 200 mm\/s<br \/>\nInterface: USB + LAN (RJ45) + RJ11 (Cajon) + BT<br \/>\nAuto cortador de alta duraci\u00f3n<br \/>\nCompacta, robusta de alta calidad<br \/>\nDimensi\u00f3n de la caja: 185*130*130 mm<br \/>\nPeso: 1.05 kg<\/p>","protected":false},"featured_media":75745,"comment_status":"open","ping_status":"closed","template":"","meta":{"_joinchat":[]},"product_brand":[],"product_cat":[311,312],"product_tag":[],"class_list":{"0":"post-75744","1":"product","2":"type-product","3":"status-publish","4":"has-post-thumbnail","6":"product_cat-impresion","7":"product_cat-impresora","9":"first","10":"instock","11":"shipping-taxable","12":"product-type-simple"},"_links":{"self":[{"href":"https:\/\/compucomercial.com\/en\/wp-json\/wp\/v2\/product\/75744","targetHints":{"allow":["GET"]}}],"collection":[{"href":"https:\/\/compucomercial.com\/en\/wp-json\/wp\/v2\/product"}],"about":[{"href":"https:\/\/compucomercial.com\/en\/wp-json\/wp\/v2\/types\/product"}],"replies":[{"embeddable":true,"href":"https:\/\/compucomercial.com\/en\/wp-json\/wp\/v2\/comments?post=75744"}],"wp:featuredmedia":[{"embeddable":true,"href":"https:\/\/compucomercial.com\/en\/wp-json\/wp\/v2\/media\/75745"}],"wp:attachment":[{"href":"https:\/\/compucomercial.com\/en\/wp-json\/wp\/v2\/media?parent=75744"}],"wp:term":[{"taxonomy":"product_brand","embeddable":true,"href":"https:\/\/compucomercial.com\/en\/wp-json\/wp\/v2\/product_brand?post=75744"},{"taxonomy":"product_cat","embeddable":true,"href":"https:\/\/compucomercial.com\/en\/wp-json\/wp\/v2\/product_cat?post=75744"},{"taxonomy":"product_tag","embeddable":true,"href":"https:\/\/compucomercial.com\/en\/wp-json\/wp\/v2\/product_tag?post=75744"}],"curies":[{"name":"wp","href":"https:\/\/api.w.org\/{rel}","templated":true}]}}