{"id":75774,"date":"2026-01-24T19:30:25","date_gmt":"2026-01-24T19:30:25","guid":{"rendered":"https:\/\/compucomercial.com\/?post_type=product&#038;p=75774"},"modified":"2026-03-18T20:53:46","modified_gmt":"2026-03-18T20:53:46","slug":"tl-wr840n-tp-link","status":"publish","type":"product","link":"https:\/\/compucomercial.com\/en\/product\/tl-wr840n-tp-link\/","title":{"rendered":"TL-WR840N TP-LINK"},"content":{"rendered":"","protected":false},"excerpt":{"rendered":"<p>ROUTER TP-LINK TL-WR840N 300MBPS. Velocidad de transmisi\u00f3n inal\u00e1mbrica de 300 Mbps ideal tanto para tareas sensibles al ancho de banda como para trabajos b\u00e1sicos Admite el modo de punto de acceso para crear un nuevo punto de acceso Wi-Fi Admite el modo Range Extender para aumentar la cobertura inal\u00e1mbrica existente en su habitaci\u00f3n Los controles parentales administran cu\u00e1ndo y c\u00f3mo los dispositivos conectados pueden acceder a Internet IPTV admite IGMP Proxy \/ Snooping, Bridge y Tag VLAN para optimizar la transmisi\u00f3n de IPTV Compatible con IPv6 (Protocolo de Internet versi\u00f3n 6) Guest Network proporciona acceso independiente para invitados mientras protege la red dom\u00e9stica<\/p>","protected":false},"featured_media":76219,"comment_status":"open","ping_status":"closed","template":"","meta":{"_joinchat":[]},"product_brand":[],"product_cat":[313,318],"product_tag":[],"class_list":{"0":"post-75774","1":"product","2":"type-product","3":"status-publish","4":"has-post-thumbnail","6":"product_cat-partes","7":"product_cat-router","9":"first","10":"instock","11":"shipping-taxable","12":"product-type-simple"},"_links":{"self":[{"href":"https:\/\/compucomercial.com\/en\/wp-json\/wp\/v2\/product\/75774","targetHints":{"allow":["GET"]}}],"collection":[{"href":"https:\/\/compucomercial.com\/en\/wp-json\/wp\/v2\/product"}],"about":[{"href":"https:\/\/compucomercial.com\/en\/wp-json\/wp\/v2\/types\/product"}],"replies":[{"embeddable":true,"href":"https:\/\/compucomercial.com\/en\/wp-json\/wp\/v2\/comments?post=75774"}],"wp:featuredmedia":[{"embeddable":true,"href":"https:\/\/compucomercial.com\/en\/wp-json\/wp\/v2\/media\/76219"}],"wp:attachment":[{"href":"https:\/\/compucomercial.com\/en\/wp-json\/wp\/v2\/media?parent=75774"}],"wp:term":[{"taxonomy":"product_brand","embeddable":true,"href":"https:\/\/compucomercial.com\/en\/wp-json\/wp\/v2\/product_brand?post=75774"},{"taxonomy":"product_cat","embeddable":true,"href":"https:\/\/compucomercial.com\/en\/wp-json\/wp\/v2\/product_cat?post=75774"},{"taxonomy":"product_tag","embeddable":true,"href":"https:\/\/compucomercial.com\/en\/wp-json\/wp\/v2\/product_tag?post=75774"}],"curies":[{"name":"wp","href":"https:\/\/api.w.org\/{rel}","templated":true}]}}