{"id":75819,"date":"2026-01-25T19:40:32","date_gmt":"2026-01-25T19:40:32","guid":{"rendered":"https:\/\/compucomercial.com\/?post_type=product&#038;p=75819"},"modified":"2026-03-18T20:56:45","modified_gmt":"2026-03-18T20:56:45","slug":"diadema-bluetooth-1hora-aut250","status":"publish","type":"product","link":"https:\/\/compucomercial.com\/en\/product\/diadema-bluetooth-1hora-aut250\/","title":{"rendered":"DIADEMA BLUETOOTH 1HORA AUT250"},"content":{"rendered":"","protected":false},"excerpt":{"rendered":"<p>DIADEMA BLUETOOTH 1HORA AUT250 Peso 0.5 kg, Dimensiones 20 \u00d7 15 \u00d7 10 cm, Modelo: AUT250, Marca 1Hora<br \/>\nColor: Negro, Versi\u00f3n bluetooth 5.3, Bater\u00eda: 1000mAh, Duraci\u00f3n bater\u00eda 100 Horas, Con micr\u00f3fono : S\u00ed, Con luz LED NO<\/p>","protected":false},"featured_media":75820,"comment_status":"open","ping_status":"closed","template":"","meta":{"_joinchat":[]},"product_brand":[],"product_cat":[313,320],"product_tag":[],"class_list":{"0":"post-75819","1":"product","2":"type-product","3":"status-publish","4":"has-post-thumbnail","6":"product_cat-partes","7":"product_cat-diadema","9":"first","10":"instock","11":"shipping-taxable","12":"product-type-simple"},"_links":{"self":[{"href":"https:\/\/compucomercial.com\/en\/wp-json\/wp\/v2\/product\/75819","targetHints":{"allow":["GET"]}}],"collection":[{"href":"https:\/\/compucomercial.com\/en\/wp-json\/wp\/v2\/product"}],"about":[{"href":"https:\/\/compucomercial.com\/en\/wp-json\/wp\/v2\/types\/product"}],"replies":[{"embeddable":true,"href":"https:\/\/compucomercial.com\/en\/wp-json\/wp\/v2\/comments?post=75819"}],"wp:featuredmedia":[{"embeddable":true,"href":"https:\/\/compucomercial.com\/en\/wp-json\/wp\/v2\/media\/75820"}],"wp:attachment":[{"href":"https:\/\/compucomercial.com\/en\/wp-json\/wp\/v2\/media?parent=75819"}],"wp:term":[{"taxonomy":"product_brand","embeddable":true,"href":"https:\/\/compucomercial.com\/en\/wp-json\/wp\/v2\/product_brand?post=75819"},{"taxonomy":"product_cat","embeddable":true,"href":"https:\/\/compucomercial.com\/en\/wp-json\/wp\/v2\/product_cat?post=75819"},{"taxonomy":"product_tag","embeddable":true,"href":"https:\/\/compucomercial.com\/en\/wp-json\/wp\/v2\/product_tag?post=75819"}],"curies":[{"name":"wp","href":"https:\/\/api.w.org\/{rel}","templated":true}]}}