{"id":75823,"date":"2026-01-25T19:43:55","date_gmt":"2026-01-25T19:43:55","guid":{"rendered":"https:\/\/compucomercial.com\/?post_type=product&#038;p=75823"},"modified":"2026-03-18T20:56:51","modified_gmt":"2026-03-18T20:56:51","slug":"regulador-1000w-nicomar","status":"publish","type":"product","link":"https:\/\/compucomercial.com\/en\/product\/regulador-1000w-nicomar\/","title":{"rendered":"REGULADOR 1000W NICOMAR"},"content":{"rendered":"","protected":false},"excerpt":{"rendered":"<p>REGULADOR 1000W NICOMAR Modelo PRO PC 1000 Capacidad 1000VA, Aplicaciones Equipos de Computo + perif\u00e9ricos Topolog\u00eda de entrada Monof\u00e1sica, Voltaje nominal de entrada 120VAc, Cantidad de hilos 3 (Fase +Neutro +GND), Rango de voltaje de entrada 120 V +\/- 25%, Frecuencia 60 Hz, Conexi\u00f3n Clavija NEMA 5-15P, Topolog\u00eda de salida Monof\u00e1sica Voltaje nominal de salida 120 VAC, Factor de potencia de Salida 0,6, Potencia W 1000VA\/600W, Tipo de onda de salida Senosoidal<br \/>\nCantidad de hilos 3(Fase +Neutro+GND), Frecuencia nominal de salida 60Hz, Pasos de regulaci\u00f3n 3 Pasos con conmutaci\u00f3n con relevos, Tiempo de respuesta 6 ms<\/p>","protected":false},"featured_media":75824,"comment_status":"open","ping_status":"closed","template":"","meta":{"_joinchat":[]},"product_brand":[],"product_cat":[313,321],"product_tag":[],"class_list":{"0":"post-75823","1":"product","2":"type-product","3":"status-publish","4":"has-post-thumbnail","6":"product_cat-partes","7":"product_cat-regulador","9":"first","10":"instock","11":"shipping-taxable","12":"product-type-simple"},"_links":{"self":[{"href":"https:\/\/compucomercial.com\/en\/wp-json\/wp\/v2\/product\/75823","targetHints":{"allow":["GET"]}}],"collection":[{"href":"https:\/\/compucomercial.com\/en\/wp-json\/wp\/v2\/product"}],"about":[{"href":"https:\/\/compucomercial.com\/en\/wp-json\/wp\/v2\/types\/product"}],"replies":[{"embeddable":true,"href":"https:\/\/compucomercial.com\/en\/wp-json\/wp\/v2\/comments?post=75823"}],"wp:featuredmedia":[{"embeddable":true,"href":"https:\/\/compucomercial.com\/en\/wp-json\/wp\/v2\/media\/75824"}],"wp:attachment":[{"href":"https:\/\/compucomercial.com\/en\/wp-json\/wp\/v2\/media?parent=75823"}],"wp:term":[{"taxonomy":"product_brand","embeddable":true,"href":"https:\/\/compucomercial.com\/en\/wp-json\/wp\/v2\/product_brand?post=75823"},{"taxonomy":"product_cat","embeddable":true,"href":"https:\/\/compucomercial.com\/en\/wp-json\/wp\/v2\/product_cat?post=75823"},{"taxonomy":"product_tag","embeddable":true,"href":"https:\/\/compucomercial.com\/en\/wp-json\/wp\/v2\/product_tag?post=75823"}],"curies":[{"name":"wp","href":"https:\/\/api.w.org\/{rel}","templated":true}]}}