{"id":75832,"date":"2026-01-25T19:51:00","date_gmt":"2026-01-25T19:51:00","guid":{"rendered":"https:\/\/compucomercial.com\/?post_type=product&#038;p=75832"},"modified":"2026-03-18T20:57:24","modified_gmt":"2026-03-18T20:57:24","slug":"combo-tecladomouse-inalambrico-logitech-mk-235","status":"publish","type":"product","link":"https:\/\/compucomercial.com\/en\/product\/combo-tecladomouse-inalambrico-logitech-mk-235\/","title":{"rendered":"COMBO TECLADO+MOUSE INALAMBRICO LOGITECH MK-235"},"content":{"rendered":"","protected":false},"excerpt":{"rendered":"<p>COMBO TECLADO+MOUSE INALAMBRICO LOGITECH MK-235 Teclado: Dise\u00f1o resistente a salpicaduras, Patas inclinables<br \/>\nTeclado num\u00e9rico con 10 teclas, Botones\/Teclas especiales: Quince teclas de funci\u00f3n, Hasta 5 millones de pulsaciones<br \/>\nDos bater\u00edas AAA,Duraci\u00f3n de bater\u00edas: 36 meses Mouse<br \/>\nTecnolog\u00eda del sensor: Seguimiento \u00f3ptico uniforme N\u00famero de botones: 3 (click izquierdo\/derecho, click de bot\u00f3n central) Desplazamiento: l\u00ednea a l\u00ednea, Rueda de desplazamiento: S\u00ed, 2D, \u00f3ptico, Conexi\u00f3n\/alimentaci\u00f3n: Bot\u00f3n de encendido\/apagado<br \/>\nUna bater\u00eda AA<br \/>\nDuraci\u00f3n de pilas: 12 meses<\/p>","protected":false},"featured_media":75833,"comment_status":"open","ping_status":"closed","template":"","meta":{"_joinchat":[]},"product_brand":[],"product_cat":[313,322],"product_tag":[],"class_list":{"0":"post-75832","1":"product","2":"type-product","3":"status-publish","4":"has-post-thumbnail","6":"product_cat-partes","7":"product_cat-combo-teclado-mouse","9":"first","10":"instock","11":"shipping-taxable","12":"product-type-simple"},"_links":{"self":[{"href":"https:\/\/compucomercial.com\/en\/wp-json\/wp\/v2\/product\/75832","targetHints":{"allow":["GET"]}}],"collection":[{"href":"https:\/\/compucomercial.com\/en\/wp-json\/wp\/v2\/product"}],"about":[{"href":"https:\/\/compucomercial.com\/en\/wp-json\/wp\/v2\/types\/product"}],"replies":[{"embeddable":true,"href":"https:\/\/compucomercial.com\/en\/wp-json\/wp\/v2\/comments?post=75832"}],"wp:featuredmedia":[{"embeddable":true,"href":"https:\/\/compucomercial.com\/en\/wp-json\/wp\/v2\/media\/75833"}],"wp:attachment":[{"href":"https:\/\/compucomercial.com\/en\/wp-json\/wp\/v2\/media?parent=75832"}],"wp:term":[{"taxonomy":"product_brand","embeddable":true,"href":"https:\/\/compucomercial.com\/en\/wp-json\/wp\/v2\/product_brand?post=75832"},{"taxonomy":"product_cat","embeddable":true,"href":"https:\/\/compucomercial.com\/en\/wp-json\/wp\/v2\/product_cat?post=75832"},{"taxonomy":"product_tag","embeddable":true,"href":"https:\/\/compucomercial.com\/en\/wp-json\/wp\/v2\/product_tag?post=75832"}],"curies":[{"name":"wp","href":"https:\/\/api.w.org\/{rel}","templated":true}]}}