{"id":75838,"date":"2026-01-25T19:59:59","date_gmt":"2026-01-25T19:59:59","guid":{"rendered":"https:\/\/compucomercial.com\/?post_type=product&#038;p=75838"},"modified":"2026-03-18T20:57:12","modified_gmt":"2026-03-18T20:57:12","slug":"celular-samsung-galaxy-a06-4gb-128gb","status":"publish","type":"product","link":"https:\/\/compucomercial.com\/en\/product\/celular-samsung-galaxy-a06-4gb-128gb\/","title":{"rendered":"CELULAR SAMSUNG GALAXY A06 4GB 128GB"},"content":{"rendered":"","protected":false},"excerpt":{"rendered":"<p>CELULAR SAMSUNG GALAXY A06 4GB 128GB El Samsung Galaxy A06 se renueva con una pantalla HD+ de 6.7 pulgadas y un procesador MediaTek Helio G85 acompa\u00f1ado de hasta 4GB de RAM y 128GB de almacenamiento interno expandible. En su posterior, el Galaxy A06 cuenta con una c\u00e1mara principal de 50MP con un sensor de profundidad y al frente tiene una c\u00e1mara selfie de 8MP. Alimentado por una bater\u00eda de 5000 mAh con soporte para carga r\u00e1pida, el Galaxy A06 completa sus caracter\u00edsticas con un lector de huellas lateral, y Android 14.<\/p>","protected":false},"featured_media":75839,"comment_status":"open","ping_status":"closed","template":"","meta":{"_joinchat":[]},"product_brand":[],"product_cat":[323,324],"product_tag":[],"class_list":{"0":"post-75838","1":"product","2":"type-product","3":"status-publish","4":"has-post-thumbnail","6":"product_cat-dispositivos","7":"product_cat-celular","9":"first","10":"instock","11":"shipping-taxable","12":"product-type-simple"},"_links":{"self":[{"href":"https:\/\/compucomercial.com\/en\/wp-json\/wp\/v2\/product\/75838","targetHints":{"allow":["GET"]}}],"collection":[{"href":"https:\/\/compucomercial.com\/en\/wp-json\/wp\/v2\/product"}],"about":[{"href":"https:\/\/compucomercial.com\/en\/wp-json\/wp\/v2\/types\/product"}],"replies":[{"embeddable":true,"href":"https:\/\/compucomercial.com\/en\/wp-json\/wp\/v2\/comments?post=75838"}],"wp:featuredmedia":[{"embeddable":true,"href":"https:\/\/compucomercial.com\/en\/wp-json\/wp\/v2\/media\/75839"}],"wp:attachment":[{"href":"https:\/\/compucomercial.com\/en\/wp-json\/wp\/v2\/media?parent=75838"}],"wp:term":[{"taxonomy":"product_brand","embeddable":true,"href":"https:\/\/compucomercial.com\/en\/wp-json\/wp\/v2\/product_brand?post=75838"},{"taxonomy":"product_cat","embeddable":true,"href":"https:\/\/compucomercial.com\/en\/wp-json\/wp\/v2\/product_cat?post=75838"},{"taxonomy":"product_tag","embeddable":true,"href":"https:\/\/compucomercial.com\/en\/wp-json\/wp\/v2\/product_tag?post=75838"}],"curies":[{"name":"wp","href":"https:\/\/api.w.org\/{rel}","templated":true}]}}