{"id":75842,"date":"2026-01-25T20:05:13","date_gmt":"2026-01-25T20:05:13","guid":{"rendered":"https:\/\/compucomercial.com\/?post_type=product&#038;p=75842"},"modified":"2026-03-18T20:57:07","modified_gmt":"2026-03-18T20:57:07","slug":"celular-xiaomi-redmi-note-14-8gb-256gb","status":"publish","type":"product","link":"https:\/\/compucomercial.com\/en\/product\/celular-xiaomi-redmi-note-14-8gb-256gb\/","title":{"rendered":"CELULAR XIAOMI REDMI NOTE 14 8GB 256GB"},"content":{"rendered":"","protected":false},"excerpt":{"rendered":"<p>CELULAR XIAOMI REDMI NOTE 14 8GB 256GB NEGRO OCASO Pantalla: AMOLED de 6.67 pulgadas, 120Hz, protegida con Gorilla Glass 5.<br \/>\nRendimiento: Procesador MediaTek Helio G99-Ultra o Dimensity 7025-Ultra.<br \/>\nMemoria: 8GB RAM (LPDDR4X) + 256GB Almacenamiento (UFS 2.2).<br \/>\nC\u00e1mara: Principal de 108MP (en el Note 14 Pro).<br \/>\nBater\u00eda: Carga r\u00e1pida y gesti\u00f3n inteligente para mayor durabilidad.<br \/>\nDise\u00f1o: Color Negro Ocaso, construcci\u00f3n en pl\u00e1stico, lector de huellas bajo pantalla, jack de audio 3.5mm.<br \/>\nResistencia: Certificaci\u00f3n IP64 (salpicaduras y polvo).<br \/>\nSoftware: HyperOS basado en Android 14.<\/p>","protected":false},"featured_media":75843,"comment_status":"open","ping_status":"closed","template":"","meta":{"_joinchat":[]},"product_brand":[],"product_cat":[323,324],"product_tag":[],"class_list":{"0":"post-75842","1":"product","2":"type-product","3":"status-publish","4":"has-post-thumbnail","6":"product_cat-dispositivos","7":"product_cat-celular","9":"first","10":"instock","11":"shipping-taxable","12":"product-type-simple"},"_links":{"self":[{"href":"https:\/\/compucomercial.com\/en\/wp-json\/wp\/v2\/product\/75842","targetHints":{"allow":["GET"]}}],"collection":[{"href":"https:\/\/compucomercial.com\/en\/wp-json\/wp\/v2\/product"}],"about":[{"href":"https:\/\/compucomercial.com\/en\/wp-json\/wp\/v2\/types\/product"}],"replies":[{"embeddable":true,"href":"https:\/\/compucomercial.com\/en\/wp-json\/wp\/v2\/comments?post=75842"}],"wp:featuredmedia":[{"embeddable":true,"href":"https:\/\/compucomercial.com\/en\/wp-json\/wp\/v2\/media\/75843"}],"wp:attachment":[{"href":"https:\/\/compucomercial.com\/en\/wp-json\/wp\/v2\/media?parent=75842"}],"wp:term":[{"taxonomy":"product_brand","embeddable":true,"href":"https:\/\/compucomercial.com\/en\/wp-json\/wp\/v2\/product_brand?post=75842"},{"taxonomy":"product_cat","embeddable":true,"href":"https:\/\/compucomercial.com\/en\/wp-json\/wp\/v2\/product_cat?post=75842"},{"taxonomy":"product_tag","embeddable":true,"href":"https:\/\/compucomercial.com\/en\/wp-json\/wp\/v2\/product_tag?post=75842"}],"curies":[{"name":"wp","href":"https:\/\/api.w.org\/{rel}","templated":true}]}}