{"id":75844,"date":"2026-01-25T20:08:37","date_gmt":"2026-01-25T20:08:37","guid":{"rendered":"https:\/\/compucomercial.com\/?post_type=product&#038;p=75844"},"modified":"2026-03-18T20:55:56","modified_gmt":"2026-03-18T20:55:56","slug":"celular-xiaomi-redmi-note-14-pro-8gb-256gb","status":"publish","type":"product","link":"https:\/\/compucomercial.com\/en\/product\/celular-xiaomi-redmi-note-14-pro-8gb-256gb\/","title":{"rendered":"CELULAR XIAOMI REDMI NOTE 14 PRO 8GB 256GB"},"content":{"rendered":"","protected":false},"excerpt":{"rendered":"<p>CELULAR XIAOMI REDMI NOTE 14 PRO 8GB 256GB NEGRO Almacenamiento y Procesamiento, Memoria Interna: 256 GB, Memoria Expandible: 1000 GB, Memoria RAM: 8 GB, Marca del Procesador: Mediatek, Sistema Operativo: Android, Version Sistema Operativo: Android 14 \u2013 HyperOS, Velocidad del Procesador: hasta 2,2 GHz, N\u00famero de N\u00facleos (m\u00e1s n\u00facleos m\u00e1s multitareas): 8 Nucleos, Tipo de Camara Frontal: Sencilla, Resolucion Camara Frontal 1: 32 Mpx, Tipo de Camara Posterior: Triple, Resolucion Camara Posterior 1: 200 Mpx, Flash Posterior: SI Tiene Flash Posterior, Flash Frontal: No Tiene Flash Frontal, Resolucion Otras Camaras Posteriores: 8MPX +2MPX, Caracter\u00edsticas F\u00edsicas , Tipo de Lector de Huella: En la Pantalla<br \/>\nEs Plegable: No es plegable, Conectividad, Red de Transmision de Datos: 4G, Espacios Para SIM Card: Dual SIM, eSIM\/SIM Virtual: No Fuentes de Alimentacion de Energia: Bater\u00eda Recargable Interna Tipos de Puertos Entradas y Salidas: Puerto USB Tipo C<br \/>\nOpciones de Conectividad, Bluetooth, NFC,WiFi, Caracter\u00edsticas T\u00e9cnicas, Capacidad de la Bateria: 5500 mAh, Resistencia al Agua: Resistencia al Agua ( IP64 ), Es Smartphone: Si es Smartphone, Imagen y Pantalla, Resolucion Pantalla: 2400 x1080<br \/>\nTipo de Pantalla: Amoled, Tama\u00f1o Pantalla: 6.67 Pulgadas<\/p>","protected":false},"featured_media":75843,"comment_status":"open","ping_status":"closed","template":"","meta":{"_joinchat":[]},"product_brand":[],"product_cat":[323,324],"product_tag":[],"class_list":{"0":"post-75844","1":"product","2":"type-product","3":"status-publish","4":"has-post-thumbnail","6":"product_cat-dispositivos","7":"product_cat-celular","9":"first","10":"instock","11":"shipping-taxable","12":"product-type-simple"},"_links":{"self":[{"href":"https:\/\/compucomercial.com\/en\/wp-json\/wp\/v2\/product\/75844","targetHints":{"allow":["GET"]}}],"collection":[{"href":"https:\/\/compucomercial.com\/en\/wp-json\/wp\/v2\/product"}],"about":[{"href":"https:\/\/compucomercial.com\/en\/wp-json\/wp\/v2\/types\/product"}],"replies":[{"embeddable":true,"href":"https:\/\/compucomercial.com\/en\/wp-json\/wp\/v2\/comments?post=75844"}],"wp:featuredmedia":[{"embeddable":true,"href":"https:\/\/compucomercial.com\/en\/wp-json\/wp\/v2\/media\/75843"}],"wp:attachment":[{"href":"https:\/\/compucomercial.com\/en\/wp-json\/wp\/v2\/media?parent=75844"}],"wp:term":[{"taxonomy":"product_brand","embeddable":true,"href":"https:\/\/compucomercial.com\/en\/wp-json\/wp\/v2\/product_brand?post=75844"},{"taxonomy":"product_cat","embeddable":true,"href":"https:\/\/compucomercial.com\/en\/wp-json\/wp\/v2\/product_cat?post=75844"},{"taxonomy":"product_tag","embeddable":true,"href":"https:\/\/compucomercial.com\/en\/wp-json\/wp\/v2\/product_tag?post=75844"}],"curies":[{"name":"wp","href":"https:\/\/api.w.org\/{rel}","templated":true}]}}