{"id":75845,"date":"2026-01-25T20:10:59","date_gmt":"2026-01-25T20:10:59","guid":{"rendered":"https:\/\/compucomercial.com\/?post_type=product&#038;p=75845"},"modified":"2026-03-18T20:55:52","modified_gmt":"2026-03-18T20:55:52","slug":"celular-xiaomi-redmi-a5-4gb-128gb","status":"publish","type":"product","link":"https:\/\/compucomercial.com\/en\/product\/celular-xiaomi-redmi-a5-4gb-128gb\/","title":{"rendered":"CELULAR XIAOMI REDMI A5 4GB 128GB"},"content":{"rendered":"","protected":false},"excerpt":{"rendered":"<p>CELULAR XIAOMI REDMI A5 4GB 128GB AZUL OCEANO El Xiaomi Redmi A5 4G cuenta con una pantalla HD+ de 6.88 pulgadas con tasa de refresco de 120Hz y est\u00e1 potenciado por un chip Unisoc T7250 con hasta 6GB de RAM y 128GB de almacenamiento. Su c\u00e1mara trasera dual tiene un sensor principal de 32MP, se alimenta de una bater\u00eda de 5200 mAh, tiene lector de huellas y corre Android 15 (Go Edition).<\/p>","protected":false},"featured_media":75846,"comment_status":"open","ping_status":"closed","template":"","meta":{"_joinchat":[]},"product_brand":[],"product_cat":[323,324],"product_tag":[],"class_list":{"0":"post-75845","1":"product","2":"type-product","3":"status-publish","4":"has-post-thumbnail","6":"product_cat-dispositivos","7":"product_cat-celular","9":"first","10":"instock","11":"shipping-taxable","12":"product-type-simple"},"_links":{"self":[{"href":"https:\/\/compucomercial.com\/en\/wp-json\/wp\/v2\/product\/75845","targetHints":{"allow":["GET"]}}],"collection":[{"href":"https:\/\/compucomercial.com\/en\/wp-json\/wp\/v2\/product"}],"about":[{"href":"https:\/\/compucomercial.com\/en\/wp-json\/wp\/v2\/types\/product"}],"replies":[{"embeddable":true,"href":"https:\/\/compucomercial.com\/en\/wp-json\/wp\/v2\/comments?post=75845"}],"wp:featuredmedia":[{"embeddable":true,"href":"https:\/\/compucomercial.com\/en\/wp-json\/wp\/v2\/media\/75846"}],"wp:attachment":[{"href":"https:\/\/compucomercial.com\/en\/wp-json\/wp\/v2\/media?parent=75845"}],"wp:term":[{"taxonomy":"product_brand","embeddable":true,"href":"https:\/\/compucomercial.com\/en\/wp-json\/wp\/v2\/product_brand?post=75845"},{"taxonomy":"product_cat","embeddable":true,"href":"https:\/\/compucomercial.com\/en\/wp-json\/wp\/v2\/product_cat?post=75845"},{"taxonomy":"product_tag","embeddable":true,"href":"https:\/\/compucomercial.com\/en\/wp-json\/wp\/v2\/product_tag?post=75845"}],"curies":[{"name":"wp","href":"https:\/\/api.w.org\/{rel}","templated":true}]}}