{"id":75849,"date":"2026-01-25T20:14:17","date_gmt":"2026-01-25T20:14:17","guid":{"rendered":"https:\/\/compucomercial.com\/?post_type=product&#038;p=75849"},"modified":"2026-03-18T20:55:48","modified_gmt":"2026-03-18T20:55:48","slug":"celular-xiaomi-redmi-a5-3gb-64gb-negro-ocaso","status":"publish","type":"product","link":"https:\/\/compucomercial.com\/en\/product\/celular-xiaomi-redmi-a5-3gb-64gb-negro-ocaso\/","title":{"rendered":"CELULAR XIAOMI REDMI A5 3GB 64GB NEGRO OCASO"},"content":{"rendered":"","protected":false},"excerpt":{"rendered":"<p>CELULAR XIAOMI REDMI A5 3GB 64GB NEGRO OCASO Pantalla: 6.88 pulgadas, HD+ (1640&#215;720), 120Hz.<br \/>\nProcesador: Unisoc T7250 Octa-Core.<br \/>\nMemoria: 3GB RAM, 64GB almacenamiento interno (ampliable).<br \/>\nC\u00e1maras: Trasera de 32MP (IA) y frontal de 8MP.<br \/>\nBater\u00eda: 5200 mAh, carga 15W, puerto USB-C.<br \/>\nSistema Operativo: Android 15 (GO Edition).<br \/>\nConectividad: 4G LTE, Wi-Fi, Bluetooth, Dual SIM.<br \/>\nSeguridad: Lector de huellas lateral y reconocimiento facial.<br \/>\nDise\u00f1o: Color Negro Ocaso (Midnight Black), construcci\u00f3n en pl\u00e1stico.<\/p>","protected":false},"featured_media":75850,"comment_status":"open","ping_status":"closed","template":"","meta":{"_joinchat":[]},"product_brand":[],"product_cat":[323,324],"product_tag":[],"class_list":{"0":"post-75849","1":"product","2":"type-product","3":"status-publish","4":"has-post-thumbnail","6":"product_cat-dispositivos","7":"product_cat-celular","9":"first","10":"instock","11":"shipping-taxable","12":"product-type-simple"},"_links":{"self":[{"href":"https:\/\/compucomercial.com\/en\/wp-json\/wp\/v2\/product\/75849","targetHints":{"allow":["GET"]}}],"collection":[{"href":"https:\/\/compucomercial.com\/en\/wp-json\/wp\/v2\/product"}],"about":[{"href":"https:\/\/compucomercial.com\/en\/wp-json\/wp\/v2\/types\/product"}],"replies":[{"embeddable":true,"href":"https:\/\/compucomercial.com\/en\/wp-json\/wp\/v2\/comments?post=75849"}],"wp:featuredmedia":[{"embeddable":true,"href":"https:\/\/compucomercial.com\/en\/wp-json\/wp\/v2\/media\/75850"}],"wp:attachment":[{"href":"https:\/\/compucomercial.com\/en\/wp-json\/wp\/v2\/media?parent=75849"}],"wp:term":[{"taxonomy":"product_brand","embeddable":true,"href":"https:\/\/compucomercial.com\/en\/wp-json\/wp\/v2\/product_brand?post=75849"},{"taxonomy":"product_cat","embeddable":true,"href":"https:\/\/compucomercial.com\/en\/wp-json\/wp\/v2\/product_cat?post=75849"},{"taxonomy":"product_tag","embeddable":true,"href":"https:\/\/compucomercial.com\/en\/wp-json\/wp\/v2\/product_tag?post=75849"}],"curies":[{"name":"wp","href":"https:\/\/api.w.org\/{rel}","templated":true}]}}