{"id":75864,"date":"2026-01-26T13:06:28","date_gmt":"2026-01-26T13:06:28","guid":{"rendered":"https:\/\/compucomercial.com\/?post_type=product&#038;p=75864"},"modified":"2026-03-18T20:55:26","modified_gmt":"2026-03-18T20:55:26","slug":"celular-xiaomi-redmi-15c-4gb-256gb-azul-lunar","status":"publish","type":"product","link":"https:\/\/compucomercial.com\/en\/product\/celular-xiaomi-redmi-15c-4gb-256gb-azul-lunar\/","title":{"rendered":"CELULAR XIAOMI REDMI 15C 4GB 256GB AZUL LUNAR"},"content":{"rendered":"","protected":false},"excerpt":{"rendered":"<p>CELULAR XIAOMI REDMI 15C 4GB 256GB AZUL LUNAR Procesador: MediaTek Helio G81 Ultra (12 nm) CPU: Octa-core (2x Cortex-A75 a 2.0 GHz + 6x Cortex-A55 a 1.8 GHz) GPU: Mali-G52 MC2, Sistema operativo: Android 15 con HyperOS 2 Tama\u00f1o: 6.9 pulgadas, Resoluci\u00f3n: 720 x 1600 p\u00edxeles (densidad ~254 ppp, relaci\u00f3n 20:9), Tipo: IPS LCD con tasa de refresco de 120 Hz<br \/>\nProtecci\u00f3n: Corning Gorilla Glass 3, C\u00e1mara principal dual: 50 MP f\/1.8 gran angular + sensor QVGA, Funciones: Flash LED y soporte HDR, Grabaci\u00f3n de video: 1080p a 30 fps, C\u00e1mara frontal: 8 MP f\/2.0 con HDR<\/p>","protected":false},"featured_media":76214,"comment_status":"open","ping_status":"closed","template":"","meta":{"_joinchat":[]},"product_brand":[],"product_cat":[323,324],"product_tag":[],"class_list":{"0":"post-75864","1":"product","2":"type-product","3":"status-publish","4":"has-post-thumbnail","6":"product_cat-dispositivos","7":"product_cat-celular","9":"first","10":"instock","11":"shipping-taxable","12":"product-type-simple"},"_links":{"self":[{"href":"https:\/\/compucomercial.com\/en\/wp-json\/wp\/v2\/product\/75864","targetHints":{"allow":["GET"]}}],"collection":[{"href":"https:\/\/compucomercial.com\/en\/wp-json\/wp\/v2\/product"}],"about":[{"href":"https:\/\/compucomercial.com\/en\/wp-json\/wp\/v2\/types\/product"}],"replies":[{"embeddable":true,"href":"https:\/\/compucomercial.com\/en\/wp-json\/wp\/v2\/comments?post=75864"}],"wp:featuredmedia":[{"embeddable":true,"href":"https:\/\/compucomercial.com\/en\/wp-json\/wp\/v2\/media\/76214"}],"wp:attachment":[{"href":"https:\/\/compucomercial.com\/en\/wp-json\/wp\/v2\/media?parent=75864"}],"wp:term":[{"taxonomy":"product_brand","embeddable":true,"href":"https:\/\/compucomercial.com\/en\/wp-json\/wp\/v2\/product_brand?post=75864"},{"taxonomy":"product_cat","embeddable":true,"href":"https:\/\/compucomercial.com\/en\/wp-json\/wp\/v2\/product_cat?post=75864"},{"taxonomy":"product_tag","embeddable":true,"href":"https:\/\/compucomercial.com\/en\/wp-json\/wp\/v2\/product_tag?post=75864"}],"curies":[{"name":"wp","href":"https:\/\/api.w.org\/{rel}","templated":true}]}}