{"id":75865,"date":"2026-01-26T13:10:26","date_gmt":"2026-01-26T13:10:26","guid":{"rendered":"https:\/\/compucomercial.com\/?post_type=product&#038;p=75865"},"modified":"2026-03-18T20:55:21","modified_gmt":"2026-03-18T20:55:21","slug":"cargador-de-pared-samsung-usb-c-25w-sin-cable","status":"publish","type":"product","link":"https:\/\/compucomercial.com\/en\/product\/cargador-de-pared-samsung-usb-c-25w-sin-cable\/","title":{"rendered":"CARGADOR DE PARED SAMSUNG USB-C 25W  (SIN CABLE)"},"content":{"rendered":"","protected":false},"excerpt":{"rendered":"<p>CARGADOR DE PARED SAMSUNG USB-C 25W(SIN CABLE) NEGRO Carga R\u00e1pida: Ofrece extravelocidad de carga<br \/>\nCompatible con M\u00f3viles, Tablets y Wearables<br \/>\nCargador \u00faltrar\u00e1pido con USB-C versi\u00f3n 3.1<\/p>","protected":false},"featured_media":76213,"comment_status":"open","ping_status":"closed","template":"","meta":{"_joinchat":[]},"product_brand":[],"product_cat":[323,325],"product_tag":[],"class_list":{"0":"post-75865","1":"product","2":"type-product","3":"status-publish","4":"has-post-thumbnail","6":"product_cat-dispositivos","7":"product_cat-cargador","9":"first","10":"instock","11":"shipping-taxable","12":"product-type-simple"},"_links":{"self":[{"href":"https:\/\/compucomercial.com\/en\/wp-json\/wp\/v2\/product\/75865","targetHints":{"allow":["GET"]}}],"collection":[{"href":"https:\/\/compucomercial.com\/en\/wp-json\/wp\/v2\/product"}],"about":[{"href":"https:\/\/compucomercial.com\/en\/wp-json\/wp\/v2\/types\/product"}],"replies":[{"embeddable":true,"href":"https:\/\/compucomercial.com\/en\/wp-json\/wp\/v2\/comments?post=75865"}],"wp:featuredmedia":[{"embeddable":true,"href":"https:\/\/compucomercial.com\/en\/wp-json\/wp\/v2\/media\/76213"}],"wp:attachment":[{"href":"https:\/\/compucomercial.com\/en\/wp-json\/wp\/v2\/media?parent=75865"}],"wp:term":[{"taxonomy":"product_brand","embeddable":true,"href":"https:\/\/compucomercial.com\/en\/wp-json\/wp\/v2\/product_brand?post=75865"},{"taxonomy":"product_cat","embeddable":true,"href":"https:\/\/compucomercial.com\/en\/wp-json\/wp\/v2\/product_cat?post=75865"},{"taxonomy":"product_tag","embeddable":true,"href":"https:\/\/compucomercial.com\/en\/wp-json\/wp\/v2\/product_tag?post=75865"}],"curies":[{"name":"wp","href":"https:\/\/api.w.org\/{rel}","templated":true}]}}