{"id":75880,"date":"2026-01-26T13:27:42","date_gmt":"2026-01-26T13:27:42","guid":{"rendered":"https:\/\/compucomercial.com\/?post_type=product&#038;p=75880"},"modified":"2026-03-18T20:53:32","modified_gmt":"2026-03-18T20:53:32","slug":"camara-web-logitech-c920s-pro","status":"publish","type":"product","link":"https:\/\/compucomercial.com\/en\/product\/camara-web-logitech-c920s-pro\/","title":{"rendered":"CAMARA WEB LOGITECH C920S PRO"},"content":{"rendered":"","protected":false},"excerpt":{"rendered":"<p>CAMARA WEB LOGITECH C920S PRO (1080p a 30 fps) incre\u00edblemente n\u00edtido y detallado con una lente de cristal Full HD, campo visual de 78\u00b0 y correcci\u00f3n de iluminaci\u00f3n autom\u00e1tica HD<\/p>","protected":false},"featured_media":75881,"comment_status":"open","ping_status":"closed","template":"","meta":{"_joinchat":[]},"product_brand":[],"product_cat":[313,328],"product_tag":[],"class_list":{"0":"post-75880","1":"product","2":"type-product","3":"status-publish","4":"has-post-thumbnail","6":"product_cat-partes","7":"product_cat-camara-web","9":"first","10":"instock","11":"shipping-taxable","12":"product-type-simple"},"_links":{"self":[{"href":"https:\/\/compucomercial.com\/en\/wp-json\/wp\/v2\/product\/75880","targetHints":{"allow":["GET"]}}],"collection":[{"href":"https:\/\/compucomercial.com\/en\/wp-json\/wp\/v2\/product"}],"about":[{"href":"https:\/\/compucomercial.com\/en\/wp-json\/wp\/v2\/types\/product"}],"replies":[{"embeddable":true,"href":"https:\/\/compucomercial.com\/en\/wp-json\/wp\/v2\/comments?post=75880"}],"wp:featuredmedia":[{"embeddable":true,"href":"https:\/\/compucomercial.com\/en\/wp-json\/wp\/v2\/media\/75881"}],"wp:attachment":[{"href":"https:\/\/compucomercial.com\/en\/wp-json\/wp\/v2\/media?parent=75880"}],"wp:term":[{"taxonomy":"product_brand","embeddable":true,"href":"https:\/\/compucomercial.com\/en\/wp-json\/wp\/v2\/product_brand?post=75880"},{"taxonomy":"product_cat","embeddable":true,"href":"https:\/\/compucomercial.com\/en\/wp-json\/wp\/v2\/product_cat?post=75880"},{"taxonomy":"product_tag","embeddable":true,"href":"https:\/\/compucomercial.com\/en\/wp-json\/wp\/v2\/product_tag?post=75880"}],"curies":[{"name":"wp","href":"https:\/\/api.w.org\/{rel}","templated":true}]}}