{"id":75902,"date":"2026-01-26T13:52:57","date_gmt":"2026-01-26T13:52:57","guid":{"rendered":"https:\/\/compucomercial.com\/?post_type=product&#038;p=75902"},"modified":"2026-03-18T20:53:08","modified_gmt":"2026-03-18T20:53:08","slug":"tv-kalley-led-smart-40-k-tv40g200-fhd","status":"publish","type":"product","link":"https:\/\/compucomercial.com\/en\/product\/tv-kalley-led-smart-40-k-tv40g200-fhd\/","title":{"rendered":"TV KALLEY LED SMART 40&#8243; K-TV40G200 FHD"},"content":{"rendered":"","protected":false},"excerpt":{"rendered":"<p>TV KALLEY LED SMART 40&#8243; K-TV40G200 FHD Usa comandos de voz para controlar tu TV (Google Assistant), Puedes crear perfiles dedicados para ni\u00f1os personalizables , Gran Respaldo con 2 a\u00f1os de Garant\u00eda , +10.000 apps y juegos en un men\u00fa simple y f\u00e1cil de usar, Pulgadas 100.4 cm 40G200 FHD LED Smart TV Google<\/p>","protected":false},"featured_media":75903,"comment_status":"open","ping_status":"closed","template":"","meta":{"_joinchat":[]},"product_brand":[],"product_cat":[326,329],"product_tag":[],"class_list":{"0":"post-75902","1":"product","2":"type-product","3":"status-publish","4":"has-post-thumbnail","6":"product_cat-electrodomesticos","7":"product_cat-televisor","9":"first","10":"instock","11":"shipping-taxable","12":"product-type-simple"},"_links":{"self":[{"href":"https:\/\/compucomercial.com\/en\/wp-json\/wp\/v2\/product\/75902","targetHints":{"allow":["GET"]}}],"collection":[{"href":"https:\/\/compucomercial.com\/en\/wp-json\/wp\/v2\/product"}],"about":[{"href":"https:\/\/compucomercial.com\/en\/wp-json\/wp\/v2\/types\/product"}],"replies":[{"embeddable":true,"href":"https:\/\/compucomercial.com\/en\/wp-json\/wp\/v2\/comments?post=75902"}],"wp:featuredmedia":[{"embeddable":true,"href":"https:\/\/compucomercial.com\/en\/wp-json\/wp\/v2\/media\/75903"}],"wp:attachment":[{"href":"https:\/\/compucomercial.com\/en\/wp-json\/wp\/v2\/media?parent=75902"}],"wp:term":[{"taxonomy":"product_brand","embeddable":true,"href":"https:\/\/compucomercial.com\/en\/wp-json\/wp\/v2\/product_brand?post=75902"},{"taxonomy":"product_cat","embeddable":true,"href":"https:\/\/compucomercial.com\/en\/wp-json\/wp\/v2\/product_cat?post=75902"},{"taxonomy":"product_tag","embeddable":true,"href":"https:\/\/compucomercial.com\/en\/wp-json\/wp\/v2\/product_tag?post=75902"}],"curies":[{"name":"wp","href":"https:\/\/api.w.org\/{rel}","templated":true}]}}