{"id":75945,"date":"2026-01-26T15:04:31","date_gmt":"2026-01-26T15:04:31","guid":{"rendered":"https:\/\/compucomercial.com\/?post_type=product&#038;p=75945"},"modified":"2026-03-18T20:53:02","modified_gmt":"2026-03-18T20:53:02","slug":"tv-kalley-55-4k-uhd-smart-tv-linux-k-tv55sb300","status":"publish","type":"product","link":"https:\/\/compucomercial.com\/en\/product\/tv-kalley-55-4k-uhd-smart-tv-linux-k-tv55sb300\/","title":{"rendered":"TV KALLEY 55&#8243; 4K UHD SMART TV LINUX K-TV55SB300"},"content":{"rendered":"","protected":false},"excerpt":{"rendered":"<p>TV KALLEY 55&#8243; 4K UHD SMART TV LINUX K-TV55SB300 elevisor de 55 pulgadas con resoluci\u00f3n 4K UHD, sistema operativo Linux y conectividad Smart, que destaca por incluir gratuitamente un dispositivo Roku Express para una experiencia de streaming mejorada, adem\u00e1s de tener funciones b\u00e1sicas de Amazon Alexa y tecnolog\u00eda HDR y Dolby Audio para una buena calidad de imagen y sonido. Conectividad: Wi-Fi, Bluetooth, HDMI, USB, sintonizador digital DVB-T2, Sistema Operativo: Linux (Smart Basic), con acceso a aplicaciones populares como Netflix, YouTube, Prime Video, Disney+.<\/p>","protected":false},"featured_media":75946,"comment_status":"open","ping_status":"closed","template":"","meta":{"_joinchat":[]},"product_brand":[],"product_cat":[326,329],"product_tag":[],"class_list":{"0":"post-75945","1":"product","2":"type-product","3":"status-publish","4":"has-post-thumbnail","6":"product_cat-electrodomesticos","7":"product_cat-televisor","9":"first","10":"instock","11":"shipping-taxable","12":"product-type-simple"},"_links":{"self":[{"href":"https:\/\/compucomercial.com\/en\/wp-json\/wp\/v2\/product\/75945","targetHints":{"allow":["GET"]}}],"collection":[{"href":"https:\/\/compucomercial.com\/en\/wp-json\/wp\/v2\/product"}],"about":[{"href":"https:\/\/compucomercial.com\/en\/wp-json\/wp\/v2\/types\/product"}],"replies":[{"embeddable":true,"href":"https:\/\/compucomercial.com\/en\/wp-json\/wp\/v2\/comments?post=75945"}],"wp:featuredmedia":[{"embeddable":true,"href":"https:\/\/compucomercial.com\/en\/wp-json\/wp\/v2\/media\/75946"}],"wp:attachment":[{"href":"https:\/\/compucomercial.com\/en\/wp-json\/wp\/v2\/media?parent=75945"}],"wp:term":[{"taxonomy":"product_brand","embeddable":true,"href":"https:\/\/compucomercial.com\/en\/wp-json\/wp\/v2\/product_brand?post=75945"},{"taxonomy":"product_cat","embeddable":true,"href":"https:\/\/compucomercial.com\/en\/wp-json\/wp\/v2\/product_cat?post=75945"},{"taxonomy":"product_tag","embeddable":true,"href":"https:\/\/compucomercial.com\/en\/wp-json\/wp\/v2\/product_tag?post=75945"}],"curies":[{"name":"wp","href":"https:\/\/api.w.org\/{rel}","templated":true}]}}