{"id":75949,"date":"2026-01-26T15:09:32","date_gmt":"2026-01-26T15:09:32","guid":{"rendered":"https:\/\/compucomercial.com\/?post_type=product&#038;p=75949"},"modified":"2026-03-18T20:52:30","modified_gmt":"2026-03-18T20:52:30","slug":"cabina-bl-4415acc-15-bl-6000-watts","status":"publish","type":"product","link":"https:\/\/compucomercial.com\/en\/product\/cabina-bl-4415acc-15-bl-6000-watts\/","title":{"rendered":"CABINA BL-4415ACC 15&#8243; B&#038;L 6000 WATTS"},"content":{"rendered":"","protected":false},"excerpt":{"rendered":"<p>CABINA BL-4415ACC 15&#8243; B&amp;L 6000 WATTS Tipo: Cabina amplificada de 2 v\u00edas<br \/>\nTama\u00f1o del parlante: 15 pulgadas<br \/>\nIm\u00e1n del parlante: 50 oz<br \/>\nBobina del parlante: 2 pulgadas<br \/>\nDriver: 1 pulgada, Potencia m\u00e1xima RMS: 200W<br \/>\nRespuesta de frecuencia: 55 Hz \u2013 18 kHz<br \/>\nSensibilidad: 94 \u00b1 2 dB<br \/>\nImpedancia: 8 ohmios<br \/>\nFunciones: Bluetooth, FM, USB, Micro SD, TWS<br \/>\nEntrada de micr\u00f3fono: Jack \u00bc<br \/>\nSalida de se\u00f1al: A cabina pasiva<br \/>\nAccesorios incluidos: Tr\u00edpode + micr\u00f3fono an\u00e1logo<br \/>\nAplicaciones: Eventos, sonido port\u00e1til, presentaciones, karaoke<\/p>","protected":false},"featured_media":75950,"comment_status":"open","ping_status":"closed","template":"","meta":{"_joinchat":[]},"product_brand":[],"product_cat":[326,330],"product_tag":[],"class_list":{"0":"post-75949","1":"product","2":"type-product","3":"status-publish","4":"has-post-thumbnail","6":"product_cat-electrodomesticos","7":"product_cat-cabina","9":"first","10":"instock","11":"shipping-taxable","12":"product-type-simple"},"_links":{"self":[{"href":"https:\/\/compucomercial.com\/en\/wp-json\/wp\/v2\/product\/75949","targetHints":{"allow":["GET"]}}],"collection":[{"href":"https:\/\/compucomercial.com\/en\/wp-json\/wp\/v2\/product"}],"about":[{"href":"https:\/\/compucomercial.com\/en\/wp-json\/wp\/v2\/types\/product"}],"replies":[{"embeddable":true,"href":"https:\/\/compucomercial.com\/en\/wp-json\/wp\/v2\/comments?post=75949"}],"wp:featuredmedia":[{"embeddable":true,"href":"https:\/\/compucomercial.com\/en\/wp-json\/wp\/v2\/media\/75950"}],"wp:attachment":[{"href":"https:\/\/compucomercial.com\/en\/wp-json\/wp\/v2\/media?parent=75949"}],"wp:term":[{"taxonomy":"product_brand","embeddable":true,"href":"https:\/\/compucomercial.com\/en\/wp-json\/wp\/v2\/product_brand?post=75949"},{"taxonomy":"product_cat","embeddable":true,"href":"https:\/\/compucomercial.com\/en\/wp-json\/wp\/v2\/product_cat?post=75949"},{"taxonomy":"product_tag","embeddable":true,"href":"https:\/\/compucomercial.com\/en\/wp-json\/wp\/v2\/product_tag?post=75949"}],"curies":[{"name":"wp","href":"https:\/\/api.w.org\/{rel}","templated":true}]}}