{"id":75989,"date":"2026-01-26T15:31:42","date_gmt":"2026-01-26T15:31:42","guid":{"rendered":"https:\/\/compucomercial.com\/?post_type=product&#038;p=75989"},"modified":"2026-03-18T20:50:06","modified_gmt":"2026-03-18T20:50:06","slug":"cabina-kalley-k-spk100n-100w-negra","status":"publish","type":"product","link":"https:\/\/compucomercial.com\/en\/product\/cabina-kalley-k-spk100n-100w-negra\/","title":{"rendered":"CABINA KALLEY K-SPK100N 100W NEGRA"},"content":{"rendered":"","protected":false},"excerpt":{"rendered":"<p>CABINA KALLEY K-SPK100N 100W NEGRA<br \/>\nPotencia RMS 100 Watts, Forma de Conectividad Bluetooth, Tipo de Altavoz Activo (lleva amplificador incorporado) , Duracion de la Bateria 8 Horas Aproximadas, Rango de Bluetooth 10 Metro(s)<br \/>\nTonalidad de Color Negro , Tipo de Producto Parlante Personal<br \/>\nPortabilidad Si es Portable, Dimensiones Ancho\/Frente de la Unidad Principal 32.5 Cent\u00edmetros, Alto de la Ud Principal<br \/>\n69.2 Cent\u00edmetros Fondo de la Unidad Principal 33 Cent\u00edmetros<br \/>\nMedidas del Parlante, Barra o Subwoofer (Ancho x Alto x Fondo) En Cm 32,5 x 69,2 x 33 Cent\u00edmetros, Conectividad Conexi\u00f3n Inal\u00e1mbrica, Fuentes de Alimentacion de Energia, Bater\u00eda Recargable Interna , Tipos de Puertos Entradas y Salidas, Entrada de Micr\u00f3fono Entrada Tarjeta Micro SD , Puerto Auxiliar de Audio<br \/>\nPuerto USB<\/p>","protected":false},"featured_media":75990,"comment_status":"open","ping_status":"closed","template":"","meta":{"_joinchat":[]},"product_brand":[],"product_cat":[326,330],"product_tag":[],"class_list":{"0":"post-75989","1":"product","2":"type-product","3":"status-publish","4":"has-post-thumbnail","6":"product_cat-electrodomesticos","7":"product_cat-cabina","9":"first","10":"instock","11":"shipping-taxable","12":"product-type-simple"},"_links":{"self":[{"href":"https:\/\/compucomercial.com\/en\/wp-json\/wp\/v2\/product\/75989","targetHints":{"allow":["GET"]}}],"collection":[{"href":"https:\/\/compucomercial.com\/en\/wp-json\/wp\/v2\/product"}],"about":[{"href":"https:\/\/compucomercial.com\/en\/wp-json\/wp\/v2\/types\/product"}],"replies":[{"embeddable":true,"href":"https:\/\/compucomercial.com\/en\/wp-json\/wp\/v2\/comments?post=75989"}],"wp:featuredmedia":[{"embeddable":true,"href":"https:\/\/compucomercial.com\/en\/wp-json\/wp\/v2\/media\/75990"}],"wp:attachment":[{"href":"https:\/\/compucomercial.com\/en\/wp-json\/wp\/v2\/media?parent=75989"}],"wp:term":[{"taxonomy":"product_brand","embeddable":true,"href":"https:\/\/compucomercial.com\/en\/wp-json\/wp\/v2\/product_brand?post=75989"},{"taxonomy":"product_cat","embeddable":true,"href":"https:\/\/compucomercial.com\/en\/wp-json\/wp\/v2\/product_cat?post=75989"},{"taxonomy":"product_tag","embeddable":true,"href":"https:\/\/compucomercial.com\/en\/wp-json\/wp\/v2\/product_tag?post=75989"}],"curies":[{"name":"wp","href":"https:\/\/api.w.org\/{rel}","templated":true}]}}