{"id":76000,"date":"2026-01-26T15:37:09","date_gmt":"2026-01-26T15:37:09","guid":{"rendered":"https:\/\/compucomercial.com\/?post_type=product&#038;p=76000"},"modified":"2026-03-18T20:50:01","modified_gmt":"2026-03-18T20:50:01","slug":"nevera-haceb-254lt-nofrost-n271-mi-ti","status":"publish","type":"product","link":"https:\/\/compucomercial.com\/en\/product\/nevera-haceb-254lt-nofrost-n271-mi-ti\/","title":{"rendered":"NEVERA HACEB 254LT NOFROST N271 MI TI"},"content":{"rendered":"","protected":false},"excerpt":{"rendered":"<p>NEVERA HACEB 254LT NOFROST N271 MI TI Tecnolog\u00eda No Frost: Evita la acumulaci\u00f3n de escarcha.<br \/>\nCapacidad: 271 litros brutos \/ 254 litros netos (189L refrigerador, 65L congelador).<br \/>\nSistema Himalaya: Fr\u00edo sectorizado, temperatura estable, control de humedad en caj\u00f3n de frutas\/verduras, y compartimiento extra-fr\u00edo para alargar la vida \u00fatil de los alimentos.<br \/>\nDise\u00f1o: Manija integrada (MI), acabado Inox (TI) o Gris Titanio, con panel digital interno.<br \/>\nDisp &amp; Hielo: Dispensador de agua externo (f\u00e1cil llenado, 3L) y fabricador de hielo (hielos grandes y f\u00e1ciles de sacar).<br \/>\nIluminaci\u00f3n: LED de gran alcance para mejor visibilidad.<br \/>\nEficiencia: Clasificaci\u00f3n energ\u00e9tica B (en algunos modelos A+ Inverter) y bajo consumo.<br \/>\nGarant\u00eda: 10 a\u00f1os en el compresor y 1 a\u00f1o en el resto de componentes.<\/p>","protected":false},"featured_media":76001,"comment_status":"open","ping_status":"closed","template":"","meta":{"_joinchat":[]},"product_brand":[],"product_cat":[326,332],"product_tag":[],"class_list":{"0":"post-76000","1":"product","2":"type-product","3":"status-publish","4":"has-post-thumbnail","6":"product_cat-electrodomesticos","7":"product_cat-nevera","9":"first","10":"instock","11":"shipping-taxable","12":"product-type-simple"},"_links":{"self":[{"href":"https:\/\/compucomercial.com\/en\/wp-json\/wp\/v2\/product\/76000","targetHints":{"allow":["GET"]}}],"collection":[{"href":"https:\/\/compucomercial.com\/en\/wp-json\/wp\/v2\/product"}],"about":[{"href":"https:\/\/compucomercial.com\/en\/wp-json\/wp\/v2\/types\/product"}],"replies":[{"embeddable":true,"href":"https:\/\/compucomercial.com\/en\/wp-json\/wp\/v2\/comments?post=76000"}],"wp:featuredmedia":[{"embeddable":true,"href":"https:\/\/compucomercial.com\/en\/wp-json\/wp\/v2\/media\/76001"}],"wp:attachment":[{"href":"https:\/\/compucomercial.com\/en\/wp-json\/wp\/v2\/media?parent=76000"}],"wp:term":[{"taxonomy":"product_brand","embeddable":true,"href":"https:\/\/compucomercial.com\/en\/wp-json\/wp\/v2\/product_brand?post=76000"},{"taxonomy":"product_cat","embeddable":true,"href":"https:\/\/compucomercial.com\/en\/wp-json\/wp\/v2\/product_cat?post=76000"},{"taxonomy":"product_tag","embeddable":true,"href":"https:\/\/compucomercial.com\/en\/wp-json\/wp\/v2\/product_tag?post=76000"}],"curies":[{"name":"wp","href":"https:\/\/api.w.org\/{rel}","templated":true}]}}