{"id":76076,"date":"2026-01-26T16:32:38","date_gmt":"2026-01-26T16:32:38","guid":{"rendered":"https:\/\/compucomercial.com\/?post_type=product&#038;p=76076"},"modified":"2026-03-18T20:43:44","modified_gmt":"2026-03-18T20:43:44","slug":"ventilador-samurai-2-1-extreme-18-gris","status":"publish","type":"product","link":"https:\/\/compucomercial.com\/en\/product\/ventilador-samurai-2-1-extreme-18-gris\/","title":{"rendered":"VENTILADOR SAMURAI 2-1 EXTREME 18&#8243; GRIS"},"content":{"rendered":"<p>TECNOLOG\u00cdA EXCLUSIVA POWERZONE: Disfruta de un flujo de aire ultra concentrado y potente que refresca m\u00e1s r\u00e1pido cualquier espacio.<br \/>\nMOTOR POWERTECH RESIST: Con m\u00e1s de 6.000 horas de funcionamiento continuo, este ventilador de alta resistencia ofrece una vida \u00fatil prolongada.<br \/>\n6 ASPAS AERODIN\u00c1MICAS: Dise\u00f1adas para maximizar el caudal de aire con menos ruido y mejorar la eficiencia energ\u00e9tica sin comprometer la potencia.<br \/>\nMALLAS REMOVIBLES Y SEGURAS: Limpieza r\u00e1pida y segura gracias a su dise\u00f1o desmontable, protegiendo al usuario.<br \/>\nTUBO TELESC\u00d3PICO AJUSTABLE HASTA 1,35 M: Ajusta la altura seg\u00fan tu necesidad. Ideal para todo tipo de salas, habitaciones y espacios.<br \/>\nINCLINACI\u00d3N VERTICAL DE 3 POSICIONES: Sistema exclusivo que permite dirigir el flujo de aire de forma precisa.<br \/>\nOSCILACI\u00d3N HORIZONTAL DE 90\u00b0: Distribuye el aire de forma homog\u00e9nea en todo el ambiente.<\/p>","protected":false},"excerpt":{"rendered":"<p>VENTILADOR SAMURAI 2-1 EXTREME 18&#8243; GRIS 5 VELOCIDADES + MODO ULTRA SILENCIOSO: Personaliza el flujo de aire y disfruta de un ventilador silencioso ideal para el hogar.<\/p>","protected":false},"featured_media":76209,"comment_status":"open","ping_status":"closed","template":"","meta":{"_joinchat":[]},"product_brand":[],"product_cat":[326,335],"product_tag":[],"class_list":{"0":"post-76076","1":"product","2":"type-product","3":"status-publish","4":"has-post-thumbnail","6":"product_cat-electrodomesticos","7":"product_cat-ventilador","9":"first","10":"instock","11":"shipping-taxable","12":"product-type-simple"},"_links":{"self":[{"href":"https:\/\/compucomercial.com\/en\/wp-json\/wp\/v2\/product\/76076","targetHints":{"allow":["GET"]}}],"collection":[{"href":"https:\/\/compucomercial.com\/en\/wp-json\/wp\/v2\/product"}],"about":[{"href":"https:\/\/compucomercial.com\/en\/wp-json\/wp\/v2\/types\/product"}],"replies":[{"embeddable":true,"href":"https:\/\/compucomercial.com\/en\/wp-json\/wp\/v2\/comments?post=76076"}],"wp:featuredmedia":[{"embeddable":true,"href":"https:\/\/compucomercial.com\/en\/wp-json\/wp\/v2\/media\/76209"}],"wp:attachment":[{"href":"https:\/\/compucomercial.com\/en\/wp-json\/wp\/v2\/media?parent=76076"}],"wp:term":[{"taxonomy":"product_brand","embeddable":true,"href":"https:\/\/compucomercial.com\/en\/wp-json\/wp\/v2\/product_brand?post=76076"},{"taxonomy":"product_cat","embeddable":true,"href":"https:\/\/compucomercial.com\/en\/wp-json\/wp\/v2\/product_cat?post=76076"},{"taxonomy":"product_tag","embeddable":true,"href":"https:\/\/compucomercial.com\/en\/wp-json\/wp\/v2\/product_tag?post=76076"}],"curies":[{"name":"wp","href":"https:\/\/api.w.org\/{rel}","templated":true}]}}