{"id":76416,"date":"2026-03-06T21:26:40","date_gmt":"2026-03-06T21:26:40","guid":{"rendered":"https:\/\/compucomercial.com\/?post_type=product&#038;p=76416"},"modified":"2026-03-18T20:38:42","modified_gmt":"2026-03-18T20:38:42","slug":"ls1008g-tp-link-2","status":"publish","type":"product","link":"https:\/\/compucomercial.com\/en\/product\/ls1008g-tp-link-2\/","title":{"rendered":"LS1008G TP-LINK"},"content":{"rendered":"","protected":false},"excerpt":{"rendered":"<p>SWITCH 8 PUERTOS GIGABIT 10\/1000 LITEWAVE LS1008G. 8 Puertos RJ45 10\/100\/1000Mbos con Auto Negociaci\u00f3n, soporte Auto-MDI\/MDIX Tecnolog\u00eda Green Ethernet de ahorro energ\u00e9tico Control de Flujo IEEE 802.3X proporciona una transferencia de datos fiable Carcasa de Pl\u00e1stico, con dise\u00f1o de montaje en pared o sobre mesa Plug and play, sin necesidad de configuraci\u00f3n Dise\u00f1o sin ventiladores asegurando un funcionamiento silencioso<\/p>","protected":false},"featured_media":75772,"comment_status":"open","ping_status":"closed","template":"","meta":{"_joinchat":[]},"product_brand":[],"product_cat":[313,317],"product_tag":[],"class_list":{"0":"post-76416","1":"product","2":"type-product","3":"status-publish","4":"has-post-thumbnail","6":"product_cat-partes","7":"product_cat-swicth","9":"first","10":"instock","11":"shipping-taxable","12":"product-type-simple"},"_links":{"self":[{"href":"https:\/\/compucomercial.com\/en\/wp-json\/wp\/v2\/product\/76416","targetHints":{"allow":["GET"]}}],"collection":[{"href":"https:\/\/compucomercial.com\/en\/wp-json\/wp\/v2\/product"}],"about":[{"href":"https:\/\/compucomercial.com\/en\/wp-json\/wp\/v2\/types\/product"}],"replies":[{"embeddable":true,"href":"https:\/\/compucomercial.com\/en\/wp-json\/wp\/v2\/comments?post=76416"}],"wp:featuredmedia":[{"embeddable":true,"href":"https:\/\/compucomercial.com\/en\/wp-json\/wp\/v2\/media\/75772"}],"wp:attachment":[{"href":"https:\/\/compucomercial.com\/en\/wp-json\/wp\/v2\/media?parent=76416"}],"wp:term":[{"taxonomy":"product_brand","embeddable":true,"href":"https:\/\/compucomercial.com\/en\/wp-json\/wp\/v2\/product_brand?post=76416"},{"taxonomy":"product_cat","embeddable":true,"href":"https:\/\/compucomercial.com\/en\/wp-json\/wp\/v2\/product_cat?post=76416"},{"taxonomy":"product_tag","embeddable":true,"href":"https:\/\/compucomercial.com\/en\/wp-json\/wp\/v2\/product_tag?post=76416"}],"curies":[{"name":"wp","href":"https:\/\/api.w.org\/{rel}","templated":true}]}}