{"id":76419,"date":"2026-03-07T19:12:29","date_gmt":"2026-03-07T19:12:29","guid":{"rendered":"https:\/\/compucomercial.com\/?post_type=product&#038;p=76419"},"modified":"2026-03-18T20:38:33","modified_gmt":"2026-03-18T20:38:33","slug":"tv-kalley-43-uhd-4k-k-tv43g305-google-tv","status":"publish","type":"product","link":"https:\/\/compucomercial.com\/en\/product\/tv-kalley-43-uhd-4k-k-tv43g305-google-tv\/","title":{"rendered":"TV KALLEY 43&#8243; UHD 4K K-TV43G305 GOOGLE TV"},"content":{"rendered":"","protected":false},"excerpt":{"rendered":"<p>TV KALLEY 43&#8243; UHD 4K K-TV43G305 GOOGLE TV es un televisor inteligente de 43 pulgadas con sistema operativo Google TV, que ofrece resoluci\u00f3n 4K Ultra HD (UHD) para im\u00e1genes detalladas, tecnolog\u00eda Dolby Vision\/Atmos para audio y video mejorados, y un procesador con IA para optimizar la imagen, incluyendo Smart Refresh de hasta 120Hz,<\/p>","protected":false},"featured_media":76420,"comment_status":"open","ping_status":"closed","template":"","meta":{"_joinchat":[]},"product_brand":[],"product_cat":[326,329],"product_tag":[],"class_list":{"0":"post-76419","1":"product","2":"type-product","3":"status-publish","4":"has-post-thumbnail","6":"product_cat-electrodomesticos","7":"product_cat-televisor","9":"first","10":"instock","11":"shipping-taxable","12":"product-type-simple"},"_links":{"self":[{"href":"https:\/\/compucomercial.com\/en\/wp-json\/wp\/v2\/product\/76419","targetHints":{"allow":["GET"]}}],"collection":[{"href":"https:\/\/compucomercial.com\/en\/wp-json\/wp\/v2\/product"}],"about":[{"href":"https:\/\/compucomercial.com\/en\/wp-json\/wp\/v2\/types\/product"}],"replies":[{"embeddable":true,"href":"https:\/\/compucomercial.com\/en\/wp-json\/wp\/v2\/comments?post=76419"}],"wp:featuredmedia":[{"embeddable":true,"href":"https:\/\/compucomercial.com\/en\/wp-json\/wp\/v2\/media\/76420"}],"wp:attachment":[{"href":"https:\/\/compucomercial.com\/en\/wp-json\/wp\/v2\/media?parent=76419"}],"wp:term":[{"taxonomy":"product_brand","embeddable":true,"href":"https:\/\/compucomercial.com\/en\/wp-json\/wp\/v2\/product_brand?post=76419"},{"taxonomy":"product_cat","embeddable":true,"href":"https:\/\/compucomercial.com\/en\/wp-json\/wp\/v2\/product_cat?post=76419"},{"taxonomy":"product_tag","embeddable":true,"href":"https:\/\/compucomercial.com\/en\/wp-json\/wp\/v2\/product_tag?post=76419"}],"curies":[{"name":"wp","href":"https:\/\/api.w.org\/{rel}","templated":true}]}}